{"id":203,"date":"2025-05-19T22:10:22","date_gmt":"2025-05-19T20:10:22","guid":{"rendered":"https:\/\/julieantoine-makeupandnails.fr\/?page_id=203"},"modified":"2025-05-19T22:10:49","modified_gmt":"2025-05-19T20:10:49","slug":"shooting-mode","status":"publish","type":"page","link":"https:\/\/julieantoine-makeupandnails.fr\/?page_id=203","title":{"rendered":"Shooting mode"},"content":{"rendered":"<h4 class=\"wp-block-heading\" id=\"sublimez-chaque-cliche-avec-un-maquillage-professionnel\">Sublimez chaque clich&eacute; avec un maquillage professionnel<\/h4>\n\n\n\n<p>Dans l\u2019univers de la mode et de la photographie, chaque d\u00e9tail compte. Un maquillage r\u00e9ussi peut transformer une image, renforcer une intention artistique ou sublimer un stylisme. <strong>Maquilleuse professionnelle sp\u00e9cialis\u00e9e dans les shootings mode<\/strong>, je vous accompagne pour cr\u00e9er des looks adapt\u00e9s \u00e0 l\u2019esth\u00e9tique de votre projet, qu\u2019il soit <strong>\u00e9ditorial<\/strong>, <strong>commercial<\/strong>, <strong>lookbook<\/strong> ou <strong>campagne publicitaire<\/strong>.<\/p>\n\n\n\n<hr class=\"wp-block-separator has-alpha-channel-opacity\"\/>\n\n\n<h4 class=\"wp-block-heading\" id=\"des-prestations-maquillage-sur-mesure-pour-vos-projets-creatifs\">Des prestations maquillage sur mesure pour vos projets cr&eacute;atifs<\/h4>\n\n\n\n<p>Je collabore avec des <strong>photographes<\/strong>, <strong>stylistes<\/strong>, <strong>mannequins<\/strong>, <strong>agences de communication<\/strong> et <strong>marques de mode<\/strong> pour proposer des mises en beaut\u00e9 adapt\u00e9es \u00e0 chaque concept visuel. Mon objectif : assurer une <strong>coh\u00e9rence parfaite entre maquillage, lumi\u00e8re, tenue et direction artistique<\/strong>.<\/p>\n\n\n<h5 class=\"wp-block-heading\" id=\"basee-a-reims-mobile-dans-le-grand-est-et-en-iledefrance\">Bas&eacute;e &agrave; Reims, mobile dans le Grand Est et en &Icirc;le-de-France<\/h5>\n\n\n\n<p>\ud83d\udccd Situ\u00e9e \u00e0 <strong>Reims<\/strong>, je me d\u00e9place sur demande \u00e0 travers toute la r\u00e9gion <strong>Grand Est<\/strong>, en <strong>\u00cele-de-France<\/strong> et particuli\u00e8rement \u00e0 <strong>Paris<\/strong>, c\u0153ur de l\u2019activit\u00e9 mode.<\/p>\n\n\n\n<hr class=\"wp-block-separator has-alpha-channel-opacity\"\/>\n\n\n<h4 class=\"wp-block-heading\" id=\"un-projet-parlonsen\">Un projet ? Parlons-en<\/h4>\n\n\n\n<p>Chaque shooting est unique. Pour \u00e9changer sur vos besoins, le brief cr\u00e9atif et les contraintes du projet, je vous invite \u00e0 me <strong>contacter pour \u00e9tablir un devis personnalis\u00e9<\/strong>.<\/p>\n\n\n\n<p>\ud83d\udce9 <strong>Contactez-moi d\u00e8s maintenant pour discuter de votre projet shooting.<\/strong><\/p>\n\n\n\n<div class=\"wp-block-buttons is-content-justification-center is-layout-flex wp-container-core-buttons-is-layout-a89b3969 wp-block-buttons-is-layout-flex\">\n<div class=\"wp-block-button\"><a class=\"wp-block-button__link wp-element-button\" href=\"https:\/\/julieantoine-makeupandnails.fr\/?page_id=56\">CONTACTEZ MOI !<\/a><\/div>\n<\/div>\n\n\n\n<div style=\"height:30px\" aria-hidden=\"true\" class=\"wp-block-spacer\"><\/div>\n\n\n\n<figure class=\"wp-block-gallery has-nested-images columns-4 is-cropped wp-block-gallery-1 is-layout-flex wp-block-gallery-is-layout-flex\">\n<figure class=\"wp-block-image size-large\"><img loading=\"lazy\" decoding=\"async\" width=\"831\" height=\"1024\" data-id=\"205\" src=\"https:\/\/julieantoine-makeupandnails.fr\/wp-content\/uploads\/2025\/05\/IMG_0781-831x1024.jpg\" alt=\"\" class=\"wp-image-205\" srcset=\"https:\/\/julieantoine-makeupandnails.fr\/wp-content\/uploads\/2025\/05\/IMG_0781-831x1024.jpg 831w, https:\/\/julieantoine-makeupandnails.fr\/wp-content\/uploads\/2025\/05\/IMG_0781-243x300.jpg 243w, https:\/\/julieantoine-makeupandnails.fr\/wp-content\/uploads\/2025\/05\/IMG_0781-768x947.jpg 768w, https:\/\/julieantoine-makeupandnails.fr\/wp-content\/uploads\/2025\/05\/IMG_0781.jpg 1125w\" sizes=\"auto, (max-width: 831px) 100vw, 831px\" \/><\/figure>\n\n\n\n<figure class=\"wp-block-image size-large\"><img loading=\"lazy\" decoding=\"async\" width=\"832\" height=\"1024\" data-id=\"208\" src=\"https:\/\/julieantoine-makeupandnails.fr\/wp-content\/uploads\/2025\/05\/IMG_0782-832x1024.jpg\" alt=\"\" class=\"wp-image-208\" srcset=\"https:\/\/julieantoine-makeupandnails.fr\/wp-content\/uploads\/2025\/05\/IMG_0782-832x1024.jpg 832w, https:\/\/julieantoine-makeupandnails.fr\/wp-content\/uploads\/2025\/05\/IMG_0782-244x300.jpg 244w, https:\/\/julieantoine-makeupandnails.fr\/wp-content\/uploads\/2025\/05\/IMG_0782-768x945.jpg 768w, https:\/\/julieantoine-makeupandnails.fr\/wp-content\/uploads\/2025\/05\/IMG_0782.jpg 1125w\" sizes=\"auto, (max-width: 832px) 100vw, 832px\" \/><\/figure>\n\n\n\n<figure class=\"wp-block-image size-large\"><img loading=\"lazy\" decoding=\"async\" width=\"550\" height=\"833\" data-id=\"204\" src=\"https:\/\/julieantoine-makeupandnails.fr\/wp-content\/uploads\/2025\/05\/IMG_2531.jpg\" alt=\"\" class=\"wp-image-204\" srcset=\"https:\/\/julieantoine-makeupandnails.fr\/wp-content\/uploads\/2025\/05\/IMG_2531.jpg 550w, https:\/\/julieantoine-makeupandnails.fr\/wp-content\/uploads\/2025\/05\/IMG_2531-198x300.jpg 198w\" sizes=\"auto, (max-width: 550px) 100vw, 550px\" \/><\/figure>\n\n\n\n<figure class=\"wp-block-image size-large\"><img loading=\"lazy\" decoding=\"async\" width=\"684\" height=\"1024\" data-id=\"207\" src=\"https:\/\/julieantoine-makeupandnails.fr\/wp-content\/uploads\/2025\/05\/IMG_4375-684x1024.jpg\" alt=\"\" class=\"wp-image-207\" srcset=\"https:\/\/julieantoine-makeupandnails.fr\/wp-content\/uploads\/2025\/05\/IMG_4375-684x1024.jpg 684w, https:\/\/julieantoine-makeupandnails.fr\/wp-content\/uploads\/2025\/05\/IMG_4375-200x300.jpg 200w, https:\/\/julieantoine-makeupandnails.fr\/wp-content\/uploads\/2025\/05\/IMG_4375-768x1149.jpg 768w, https:\/\/julieantoine-makeupandnails.fr\/wp-content\/uploads\/2025\/05\/IMG_4375-1026x1536.jpg 1026w, https:\/\/julieantoine-makeupandnails.fr\/wp-content\/uploads\/2025\/05\/IMG_4375.jpg 1061w\" sizes=\"auto, (max-width: 684px) 100vw, 684px\" \/><\/figure>\n\n\n\n<figure class=\"wp-block-image size-large\"><img loading=\"lazy\" decoding=\"async\" width=\"693\" height=\"1024\" data-id=\"206\" src=\"https:\/\/julieantoine-makeupandnails.fr\/wp-content\/uploads\/2025\/05\/IMG_4494-693x1024.jpg\" alt=\"\" class=\"wp-image-206\" srcset=\"https:\/\/julieantoine-makeupandnails.fr\/wp-content\/uploads\/2025\/05\/IMG_4494-693x1024.jpg 693w, https:\/\/julieantoine-makeupandnails.fr\/wp-content\/uploads\/2025\/05\/IMG_4494-203x300.jpg 203w, https:\/\/julieantoine-makeupandnails.fr\/wp-content\/uploads\/2025\/05\/IMG_4494-768x1135.jpg 768w, https:\/\/julieantoine-makeupandnails.fr\/wp-content\/uploads\/2025\/05\/IMG_4494-1039x1536.jpg 1039w, https:\/\/julieantoine-makeupandnails.fr\/wp-content\/uploads\/2025\/05\/IMG_4494.jpg 1124w\" sizes=\"auto, (max-width: 693px) 100vw, 693px\" \/><\/figure>\n\n\n\n<figure class=\"wp-block-image size-large\"><img loading=\"lazy\" decoding=\"async\" width=\"768\" height=\"1024\" data-id=\"210\" src=\"https:\/\/julieantoine-makeupandnails.fr\/wp-content\/uploads\/2025\/05\/IMG_5792-768x1024.jpg\" alt=\"\" class=\"wp-image-210\" srcset=\"https:\/\/julieantoine-makeupandnails.fr\/wp-content\/uploads\/2025\/05\/IMG_5792-768x1024.jpg 768w, https:\/\/julieantoine-makeupandnails.fr\/wp-content\/uploads\/2025\/05\/IMG_5792-225x300.jpg 225w, https:\/\/julieantoine-makeupandnails.fr\/wp-content\/uploads\/2025\/05\/IMG_5792-1152x1536.jpg 1152w, https:\/\/julieantoine-makeupandnails.fr\/wp-content\/uploads\/2025\/05\/IMG_5792-1536x2048.jpg 1536w, https:\/\/julieantoine-makeupandnails.fr\/wp-content\/uploads\/2025\/05\/IMG_5792-scaled.jpg 1920w\" sizes=\"auto, (max-width: 768px) 100vw, 768px\" \/><\/figure>\n\n\n\n<figure class=\"wp-block-image size-large\"><img loading=\"lazy\" decoding=\"async\" width=\"1024\" height=\"1016\" data-id=\"209\" src=\"https:\/\/julieantoine-makeupandnails.fr\/wp-content\/uploads\/2025\/05\/IMG_7584-1024x1016.jpg\" alt=\"\" class=\"wp-image-209\" srcset=\"https:\/\/julieantoine-makeupandnails.fr\/wp-content\/uploads\/2025\/05\/IMG_7584-1024x1016.jpg 1024w, https:\/\/julieantoine-makeupandnails.fr\/wp-content\/uploads\/2025\/05\/IMG_7584-300x298.jpg 300w, https:\/\/julieantoine-makeupandnails.fr\/wp-content\/uploads\/2025\/05\/IMG_7584-150x150.jpg 150w, https:\/\/julieantoine-makeupandnails.fr\/wp-content\/uploads\/2025\/05\/IMG_7584-768x762.jpg 768w, https:\/\/julieantoine-makeupandnails.fr\/wp-content\/uploads\/2025\/05\/IMG_7584.jpg 1179w\" sizes=\"auto, (max-width: 1024px) 100vw, 1024px\" \/><\/figure>\n<\/figure>\n","protected":false},"excerpt":{"rendered":"<p>Sublimez chaque clich&eacute; avec un maquillage professionnel Dans l\u2019univers de la mode et de la photographie, chaque d\u00e9tail compte. Un maquillage r\u00e9ussi peut transformer une image, renforcer une intention artistique ou sublimer un stylisme. Maquilleuse professionnelle sp\u00e9cialis\u00e9e dans les shootings mode, je vous accompagne pour cr\u00e9er des looks adapt\u00e9s \u00e0 l\u2019esth\u00e9tique de votre projet, qu\u2019il [&hellip;]<\/p>\n","protected":false},"author":1,"featured_media":0,"parent":0,"menu_order":0,"comment_status":"closed","ping_status":"closed","template":"","meta":{"footnotes":""},"class_list":["post-203","page","type-page","status-publish","hentry"],"yoast_head":"<!-- This site is optimized with the Yoast SEO plugin v25.6 - https:\/\/yoast.com\/wordpress\/plugins\/seo\/ -->\n<title>Shooting mode - JULIE ANTOINE \/ Makeup and Nails<\/title>\n<meta name=\"description\" content=\"Julie Antoine \u2013 Maquillage &amp; Onglerie : experte en mise en beaut\u00e9, je vous propose des prestations de maquillage professionnel et de manucure soign\u00e9e. Mariage, soir\u00e9e, nail art ou beaut\u00e9 des ongles, r\u00e9servez votre moment de bien-\u00eatre d\u00e8s maintenant !\" \/>\n<meta name=\"robots\" content=\"index, follow, max-snippet:-1, max-image-preview:large, max-video-preview:-1\" \/>\n<link rel=\"canonical\" href=\"https:\/\/julieantoine-makeupandnails.fr\/?page_id=203\" \/>\n<meta property=\"og:locale\" content=\"fr_FR\" \/>\n<meta property=\"og:type\" content=\"article\" \/>\n<meta property=\"og:title\" content=\"Shooting mode - JULIE ANTOINE \/ Makeup and Nails\" \/>\n<meta property=\"og:description\" content=\"Julie Antoine \u2013 Maquillage &amp; Onglerie : experte en mise en beaut\u00e9, je vous propose des prestations de maquillage professionnel et de manucure soign\u00e9e. Mariage, soir\u00e9e, nail art ou beaut\u00e9 des ongles, r\u00e9servez votre moment de bien-\u00eatre d\u00e8s maintenant !\" \/>\n<meta property=\"og:url\" content=\"https:\/\/julieantoine-makeupandnails.fr\/?page_id=203\" \/>\n<meta property=\"og:site_name\" content=\"JULIE ANTOINE \/ Makeup and Nails\" \/>\n<meta property=\"article:modified_time\" content=\"2025-05-19T20:10:49+00:00\" \/>\n<meta property=\"og:image\" content=\"https:\/\/julieantoine-makeupandnails.fr\/wp-content\/uploads\/2025\/05\/IMG_0781.jpg\" \/>\n\t<meta property=\"og:image:width\" content=\"1125\" \/>\n\t<meta property=\"og:image:height\" content=\"1387\" \/>\n\t<meta property=\"og:image:type\" content=\"image\/jpeg\" \/>\n<meta name=\"twitter:card\" content=\"summary_large_image\" \/>\n<meta name=\"twitter:label1\" content=\"Dur\u00e9e de lecture estim\u00e9e\" \/>\n\t<meta name=\"twitter:data1\" content=\"3 minutes\" \/>\n<script type=\"application\/ld+json\" class=\"yoast-schema-graph\">{\"@context\":\"https:\/\/schema.org\",\"@graph\":[{\"@type\":\"Article\",\"@id\":\"https:\/\/julieantoine-makeupandnails.fr\/?page_id=203#article\",\"isPartOf\":{\"@id\":\"https:\/\/julieantoine-makeupandnails.fr\/?page_id=203\"},\"author\":{\"name\":\"admin5789\",\"@id\":\"https:\/\/julieantoine-makeupandnails.fr\/#\/schema\/person\/1146d676accde7fac92c48e549e9d762\"},\"headline\":\"Shooting mode\",\"datePublished\":\"2025-05-19T20:10:22+00:00\",\"dateModified\":\"2025-05-19T20:10:49+00:00\",\"mainEntityOfPage\":{\"@id\":\"https:\/\/julieantoine-makeupandnails.fr\/?page_id=203\"},\"wordCount\":205,\"publisher\":{\"@id\":\"https:\/\/julieantoine-makeupandnails.fr\/#organization\"},\"image\":{\"@id\":\"https:\/\/julieantoine-makeupandnails.fr\/?page_id=203#primaryimage\"},\"thumbnailUrl\":\"https:\/\/julieantoine-makeupandnails.fr\/wp-content\/uploads\/2025\/05\/IMG_0781-831x1024.jpg\",\"inLanguage\":\"fr-FR\"},{\"@type\":\"WebPage\",\"@id\":\"https:\/\/julieantoine-makeupandnails.fr\/?page_id=203\",\"url\":\"https:\/\/julieantoine-makeupandnails.fr\/?page_id=203\",\"name\":\"Shooting mode - JULIE ANTOINE \/ Makeup and Nails\",\"isPartOf\":{\"@id\":\"https:\/\/julieantoine-makeupandnails.fr\/#website\"},\"primaryImageOfPage\":{\"@id\":\"https:\/\/julieantoine-makeupandnails.fr\/?page_id=203#primaryimage\"},\"image\":{\"@id\":\"https:\/\/julieantoine-makeupandnails.fr\/?page_id=203#primaryimage\"},\"thumbnailUrl\":\"https:\/\/julieantoine-makeupandnails.fr\/wp-content\/uploads\/2025\/05\/IMG_0781-831x1024.jpg\",\"datePublished\":\"2025-05-19T20:10:22+00:00\",\"dateModified\":\"2025-05-19T20:10:49+00:00\",\"description\":\"Julie Antoine \u2013 Maquillage & Onglerie : experte en mise en beaut\u00e9, je vous propose des prestations de maquillage professionnel et de manucure soign\u00e9e. Mariage, soir\u00e9e, nail art ou beaut\u00e9 des ongles, r\u00e9servez votre moment de bien-\u00eatre d\u00e8s maintenant !\",\"breadcrumb\":{\"@id\":\"https:\/\/julieantoine-makeupandnails.fr\/?page_id=203#breadcrumb\"},\"inLanguage\":\"fr-FR\",\"potentialAction\":[{\"@type\":\"ReadAction\",\"target\":[\"https:\/\/julieantoine-makeupandnails.fr\/?page_id=203\"]}]},{\"@type\":\"ImageObject\",\"inLanguage\":\"fr-FR\",\"@id\":\"https:\/\/julieantoine-makeupandnails.fr\/?page_id=203#primaryimage\",\"url\":\"https:\/\/julieantoine-makeupandnails.fr\/wp-content\/uploads\/2025\/05\/IMG_0781.jpg\",\"contentUrl\":\"https:\/\/julieantoine-makeupandnails.fr\/wp-content\/uploads\/2025\/05\/IMG_0781.jpg\",\"width\":1125,\"height\":1387,\"caption\":\"Screenshot\"},{\"@type\":\"BreadcrumbList\",\"@id\":\"https:\/\/julieantoine-makeupandnails.fr\/?page_id=203#breadcrumb\",\"itemListElement\":[{\"@type\":\"ListItem\",\"position\":1,\"name\":\"Accueil\",\"item\":\"https:\/\/julieantoine-makeupandnails.fr\/\"},{\"@type\":\"ListItem\",\"position\":2,\"name\":\"Shooting mode\"}]},{\"@type\":\"WebSite\",\"@id\":\"https:\/\/julieantoine-makeupandnails.fr\/#website\",\"url\":\"https:\/\/julieantoine-makeupandnails.fr\/\",\"name\":\"JULIE ANTOINE \/ Makeup and Nails \u00e0 Reims\",\"description\":\"Maquillage et ongles \u00e0 Reims et alentours\",\"publisher\":{\"@id\":\"https:\/\/julieantoine-makeupandnails.fr\/#organization\"},\"potentialAction\":[{\"@type\":\"SearchAction\",\"target\":{\"@type\":\"EntryPoint\",\"urlTemplate\":\"https:\/\/julieantoine-makeupandnails.fr\/?s={search_term_string}\"},\"query-input\":{\"@type\":\"PropertyValueSpecification\",\"valueRequired\":true,\"valueName\":\"search_term_string\"}}],\"inLanguage\":\"fr-FR\"},{\"@type\":\"Organization\",\"@id\":\"https:\/\/julieantoine-makeupandnails.fr\/#organization\",\"name\":\"JULIE ANTOINE \/ Makeup and Nails\",\"url\":\"https:\/\/julieantoine-makeupandnails.fr\/\",\"logo\":{\"@type\":\"ImageObject\",\"inLanguage\":\"fr-FR\",\"@id\":\"https:\/\/julieantoine-makeupandnails.fr\/#\/schema\/logo\/image\/\",\"url\":\"https:\/\/julieantoine-makeupandnails.fr\/wp-content\/uploads\/2025\/03\/julie-antoine-logo.png\",\"contentUrl\":\"https:\/\/julieantoine-makeupandnails.fr\/wp-content\/uploads\/2025\/03\/julie-antoine-logo.png\",\"width\":591,\"height\":157,\"caption\":\"JULIE ANTOINE \/ Makeup and Nails\"},\"image\":{\"@id\":\"https:\/\/julieantoine-makeupandnails.fr\/#\/schema\/logo\/image\/\"}},{\"@type\":\"Person\",\"@id\":\"https:\/\/julieantoine-makeupandnails.fr\/#\/schema\/person\/1146d676accde7fac92c48e549e9d762\",\"name\":\"admin5789\",\"image\":{\"@type\":\"ImageObject\",\"inLanguage\":\"fr-FR\",\"@id\":\"https:\/\/julieantoine-makeupandnails.fr\/#\/schema\/person\/image\/\",\"url\":\"https:\/\/secure.gravatar.com\/avatar\/ac883034ccd98bbf46243a80a17332ffbcdf756a4f01cfde901f577890c2111d?s=96&d=mm&r=g\",\"contentUrl\":\"https:\/\/secure.gravatar.com\/avatar\/ac883034ccd98bbf46243a80a17332ffbcdf756a4f01cfde901f577890c2111d?s=96&d=mm&r=g\",\"caption\":\"admin5789\"},\"sameAs\":[\"http:\/\/julieantoine-makeupandnails.fr\"],\"url\":\"https:\/\/julieantoine-makeupandnails.fr\/?author=1\"}]}<\/script>\n<!-- \/ Yoast SEO plugin. -->","yoast_head_json":{"title":"Shooting mode - JULIE ANTOINE \/ Makeup and Nails","description":"Julie Antoine \u2013 Maquillage & Onglerie : experte en mise en beaut\u00e9, je vous propose des prestations de maquillage professionnel et de manucure soign\u00e9e. Mariage, soir\u00e9e, nail art ou beaut\u00e9 des ongles, r\u00e9servez votre moment de bien-\u00eatre d\u00e8s maintenant !","robots":{"index":"index","follow":"follow","max-snippet":"max-snippet:-1","max-image-preview":"max-image-preview:large","max-video-preview":"max-video-preview:-1"},"canonical":"https:\/\/julieantoine-makeupandnails.fr\/?page_id=203","og_locale":"fr_FR","og_type":"article","og_title":"Shooting mode - JULIE ANTOINE \/ Makeup and Nails","og_description":"Julie Antoine \u2013 Maquillage & Onglerie : experte en mise en beaut\u00e9, je vous propose des prestations de maquillage professionnel et de manucure soign\u00e9e. Mariage, soir\u00e9e, nail art ou beaut\u00e9 des ongles, r\u00e9servez votre moment de bien-\u00eatre d\u00e8s maintenant !","og_url":"https:\/\/julieantoine-makeupandnails.fr\/?page_id=203","og_site_name":"JULIE ANTOINE \/ Makeup and Nails","article_modified_time":"2025-05-19T20:10:49+00:00","og_image":[{"width":1125,"height":1387,"url":"https:\/\/julieantoine-makeupandnails.fr\/wp-content\/uploads\/2025\/05\/IMG_0781.jpg","type":"image\/jpeg"}],"twitter_card":"summary_large_image","twitter_misc":{"Dur\u00e9e de lecture estim\u00e9e":"3 minutes"},"schema":{"@context":"https:\/\/schema.org","@graph":[{"@type":"Article","@id":"https:\/\/julieantoine-makeupandnails.fr\/?page_id=203#article","isPartOf":{"@id":"https:\/\/julieantoine-makeupandnails.fr\/?page_id=203"},"author":{"name":"admin5789","@id":"https:\/\/julieantoine-makeupandnails.fr\/#\/schema\/person\/1146d676accde7fac92c48e549e9d762"},"headline":"Shooting mode","datePublished":"2025-05-19T20:10:22+00:00","dateModified":"2025-05-19T20:10:49+00:00","mainEntityOfPage":{"@id":"https:\/\/julieantoine-makeupandnails.fr\/?page_id=203"},"wordCount":205,"publisher":{"@id":"https:\/\/julieantoine-makeupandnails.fr\/#organization"},"image":{"@id":"https:\/\/julieantoine-makeupandnails.fr\/?page_id=203#primaryimage"},"thumbnailUrl":"https:\/\/julieantoine-makeupandnails.fr\/wp-content\/uploads\/2025\/05\/IMG_0781-831x1024.jpg","inLanguage":"fr-FR"},{"@type":"WebPage","@id":"https:\/\/julieantoine-makeupandnails.fr\/?page_id=203","url":"https:\/\/julieantoine-makeupandnails.fr\/?page_id=203","name":"Shooting mode - JULIE ANTOINE \/ Makeup and Nails","isPartOf":{"@id":"https:\/\/julieantoine-makeupandnails.fr\/#website"},"primaryImageOfPage":{"@id":"https:\/\/julieantoine-makeupandnails.fr\/?page_id=203#primaryimage"},"image":{"@id":"https:\/\/julieantoine-makeupandnails.fr\/?page_id=203#primaryimage"},"thumbnailUrl":"https:\/\/julieantoine-makeupandnails.fr\/wp-content\/uploads\/2025\/05\/IMG_0781-831x1024.jpg","datePublished":"2025-05-19T20:10:22+00:00","dateModified":"2025-05-19T20:10:49+00:00","description":"Julie Antoine \u2013 Maquillage & Onglerie : experte en mise en beaut\u00e9, je vous propose des prestations de maquillage professionnel et de manucure soign\u00e9e. Mariage, soir\u00e9e, nail art ou beaut\u00e9 des ongles, r\u00e9servez votre moment de bien-\u00eatre d\u00e8s maintenant !","breadcrumb":{"@id":"https:\/\/julieantoine-makeupandnails.fr\/?page_id=203#breadcrumb"},"inLanguage":"fr-FR","potentialAction":[{"@type":"ReadAction","target":["https:\/\/julieantoine-makeupandnails.fr\/?page_id=203"]}]},{"@type":"ImageObject","inLanguage":"fr-FR","@id":"https:\/\/julieantoine-makeupandnails.fr\/?page_id=203#primaryimage","url":"https:\/\/julieantoine-makeupandnails.fr\/wp-content\/uploads\/2025\/05\/IMG_0781.jpg","contentUrl":"https:\/\/julieantoine-makeupandnails.fr\/wp-content\/uploads\/2025\/05\/IMG_0781.jpg","width":1125,"height":1387,"caption":"Screenshot"},{"@type":"BreadcrumbList","@id":"https:\/\/julieantoine-makeupandnails.fr\/?page_id=203#breadcrumb","itemListElement":[{"@type":"ListItem","position":1,"name":"Accueil","item":"https:\/\/julieantoine-makeupandnails.fr\/"},{"@type":"ListItem","position":2,"name":"Shooting mode"}]},{"@type":"WebSite","@id":"https:\/\/julieantoine-makeupandnails.fr\/#website","url":"https:\/\/julieantoine-makeupandnails.fr\/","name":"JULIE ANTOINE \/ Makeup and Nails \u00e0 Reims","description":"Maquillage et ongles \u00e0 Reims et alentours","publisher":{"@id":"https:\/\/julieantoine-makeupandnails.fr\/#organization"},"potentialAction":[{"@type":"SearchAction","target":{"@type":"EntryPoint","urlTemplate":"https:\/\/julieantoine-makeupandnails.fr\/?s={search_term_string}"},"query-input":{"@type":"PropertyValueSpecification","valueRequired":true,"valueName":"search_term_string"}}],"inLanguage":"fr-FR"},{"@type":"Organization","@id":"https:\/\/julieantoine-makeupandnails.fr\/#organization","name":"JULIE ANTOINE \/ Makeup and Nails","url":"https:\/\/julieantoine-makeupandnails.fr\/","logo":{"@type":"ImageObject","inLanguage":"fr-FR","@id":"https:\/\/julieantoine-makeupandnails.fr\/#\/schema\/logo\/image\/","url":"https:\/\/julieantoine-makeupandnails.fr\/wp-content\/uploads\/2025\/03\/julie-antoine-logo.png","contentUrl":"https:\/\/julieantoine-makeupandnails.fr\/wp-content\/uploads\/2025\/03\/julie-antoine-logo.png","width":591,"height":157,"caption":"JULIE ANTOINE \/ Makeup and Nails"},"image":{"@id":"https:\/\/julieantoine-makeupandnails.fr\/#\/schema\/logo\/image\/"}},{"@type":"Person","@id":"https:\/\/julieantoine-makeupandnails.fr\/#\/schema\/person\/1146d676accde7fac92c48e549e9d762","name":"admin5789","image":{"@type":"ImageObject","inLanguage":"fr-FR","@id":"https:\/\/julieantoine-makeupandnails.fr\/#\/schema\/person\/image\/","url":"https:\/\/secure.gravatar.com\/avatar\/ac883034ccd98bbf46243a80a17332ffbcdf756a4f01cfde901f577890c2111d?s=96&d=mm&r=g","contentUrl":"https:\/\/secure.gravatar.com\/avatar\/ac883034ccd98bbf46243a80a17332ffbcdf756a4f01cfde901f577890c2111d?s=96&d=mm&r=g","caption":"admin5789"},"sameAs":["http:\/\/julieantoine-makeupandnails.fr"],"url":"https:\/\/julieantoine-makeupandnails.fr\/?author=1"}]}},"_links":{"self":[{"href":"https:\/\/julieantoine-makeupandnails.fr\/index.php?rest_route=\/wp\/v2\/pages\/203","targetHints":{"allow":["GET"]}}],"collection":[{"href":"https:\/\/julieantoine-makeupandnails.fr\/index.php?rest_route=\/wp\/v2\/pages"}],"about":[{"href":"https:\/\/julieantoine-makeupandnails.fr\/index.php?rest_route=\/wp\/v2\/types\/page"}],"author":[{"embeddable":true,"href":"https:\/\/julieantoine-makeupandnails.fr\/index.php?rest_route=\/wp\/v2\/users\/1"}],"replies":[{"embeddable":true,"href":"https:\/\/julieantoine-makeupandnails.fr\/index.php?rest_route=%2Fwp%2Fv2%2Fcomments&post=203"}],"version-history":[{"count":2,"href":"https:\/\/julieantoine-makeupandnails.fr\/index.php?rest_route=\/wp\/v2\/pages\/203\/revisions"}],"predecessor-version":[{"id":213,"href":"https:\/\/julieantoine-makeupandnails.fr\/index.php?rest_route=\/wp\/v2\/pages\/203\/revisions\/213"}],"wp:attachment":[{"href":"https:\/\/julieantoine-makeupandnails.fr\/index.php?rest_route=%2Fwp%2Fv2%2Fmedia&parent=203"}],"curies":[{"name":"wp","href":"https:\/\/api.w.org\/{rel}","templated":true}]}}