{"id":231,"date":"2025-05-19T22:25:14","date_gmt":"2025-05-19T20:25:14","guid":{"rendered":"https:\/\/julieantoine-makeupandnails.fr\/?page_id=231"},"modified":"2025-05-19T22:25:43","modified_gmt":"2025-05-19T20:25:43","slug":"maquillage-cinema","status":"publish","type":"page","link":"https:\/\/julieantoine-makeupandnails.fr\/?page_id=231","title":{"rendered":"Maquillage Cin\u00e9ma"},"content":{"rendered":"<h4 class=\"wp-block-heading\" id=\"des-maquillages-professionnels-au-service-de-la-narration\">Des maquillages professionnels au service de la narration<\/h4>\n\n\n\n<p>Dans le monde du <strong>cin\u00e9ma<\/strong> et de l\u2019<strong>audiovisuel<\/strong>, le maquillage joue un r\u00f4le cl\u00e9 : il donne vie aux personnages, soutient l\u2019\u00e9volution d\u2019un r\u00e9cit et renforce l\u2019authenticit\u00e9 d\u2019une sc\u00e8ne. <strong>Maquilleuse professionnelle sp\u00e9cialis\u00e9e dans les tournages cin\u00e9ma, t\u00e9l\u00e9vision et fiction<\/strong>, je mets mon savoir-faire au service de la coh\u00e9rence visuelle de vos projets.<\/p>\n\n\n\n<p>\ud83c\udfac Bas\u00e9e \u00e0 <strong>Reims<\/strong>, j\u2019interviens dans toute la r\u00e9gion <strong>Grand Est<\/strong>, \u00e0 <strong>Paris<\/strong> et en <strong>\u00cele-de-France<\/strong>, en m\u2019adaptant aux contraintes techniques et artistiques de chaque production.<\/p>\n\n\n\n<hr class=\"wp-block-separator has-alpha-channel-opacity\"\/>\n\n\n<h4 class=\"wp-block-heading\" id=\"une-expertise-technique-et-creative-pour-tous-types-de-productions\">Une expertise technique et cr&eacute;ative pour tous types de productions<\/h4>\n\n\n\n<p>Je travaille aux c\u00f4t\u00e9s de <strong>r\u00e9alisateurs<\/strong>, <strong>directeurs artistiques<\/strong>, <strong>chefs op\u00e9rateurs<\/strong> et <strong>costumiers<\/strong> pour garantir un rendu esth\u00e9tique fid\u00e8le \u00e0 la vision du projet, aussi bien \u00e0 l\u2019\u0153il nu qu\u2019\u00e0 la cam\u00e9ra.<\/p>\n\n\n<h4 class=\"wp-block-heading\" id=\"un-projet-de-tournage-discutonsen\">Un projet de tournage ? Discutons-en<\/h4>\n\n\n\n<p>Chaque production est unique. Pour adapter au mieux mes prestations \u00e0 votre projet, je vous propose un <strong>devis personnalis\u00e9<\/strong>, \u00e9tabli selon le brief artistique, le nombre de com\u00e9diens, les effets \u00e0 r\u00e9aliser et la dur\u00e9e du tournage.<\/p>\n\n\n\n<p>\ud83d\udce9 <strong>Contactez-moi d\u00e8s maintenant pour discuter de votre production.<\/strong><\/p>\n\n\n\n<div class=\"wp-block-buttons is-content-justification-center is-layout-flex wp-container-core-buttons-is-layout-a89b3969 wp-block-buttons-is-layout-flex\">\n<div class=\"wp-block-button\"><a class=\"wp-block-button__link wp-element-button\" href=\"https:\/\/julieantoine-makeupandnails.fr\/?page_id=56\">CONTACTEZ MOI !<\/a><\/div>\n<\/div>\n","protected":false},"excerpt":{"rendered":"<p>Des maquillages professionnels au service de la narration Dans le monde du cin\u00e9ma et de l\u2019audiovisuel, le maquillage joue un r\u00f4le cl\u00e9 : il donne vie aux personnages, soutient l\u2019\u00e9volution d\u2019un r\u00e9cit et renforce l\u2019authenticit\u00e9 d\u2019une sc\u00e8ne. Maquilleuse professionnelle sp\u00e9cialis\u00e9e dans les tournages cin\u00e9ma, t\u00e9l\u00e9vision et fiction, je mets mon savoir-faire au service de la [&hellip;]<\/p>\n","protected":false},"author":1,"featured_media":0,"parent":0,"menu_order":0,"comment_status":"closed","ping_status":"closed","template":"","meta":{"footnotes":""},"class_list":["post-231","page","type-page","status-publish","hentry"],"yoast_head":"<!-- This site is optimized with the Yoast SEO plugin v25.6 - https:\/\/yoast.com\/wordpress\/plugins\/seo\/ -->\n<title>Maquillage Cin\u00e9ma - JULIE ANTOINE \/ Makeup and Nails<\/title>\n<meta name=\"description\" content=\"Julie Antoine \u2013 Maquillage &amp; Onglerie : experte en mise en beaut\u00e9, je vous propose des prestations de maquillage professionnel et de manucure soign\u00e9e. Mariage, soir\u00e9e, nail art ou beaut\u00e9 des ongles, r\u00e9servez votre moment de bien-\u00eatre d\u00e8s maintenant !\" \/>\n<meta name=\"robots\" content=\"index, follow, max-snippet:-1, max-image-preview:large, max-video-preview:-1\" \/>\n<link rel=\"canonical\" href=\"https:\/\/julieantoine-makeupandnails.fr\/?page_id=231\" \/>\n<meta property=\"og:locale\" content=\"fr_FR\" \/>\n<meta property=\"og:type\" content=\"article\" \/>\n<meta property=\"og:title\" content=\"Maquillage Cin\u00e9ma - JULIE ANTOINE \/ Makeup and Nails\" \/>\n<meta property=\"og:description\" content=\"Julie Antoine \u2013 Maquillage &amp; Onglerie : experte en mise en beaut\u00e9, je vous propose des prestations de maquillage professionnel et de manucure soign\u00e9e. Mariage, soir\u00e9e, nail art ou beaut\u00e9 des ongles, r\u00e9servez votre moment de bien-\u00eatre d\u00e8s maintenant !\" \/>\n<meta property=\"og:url\" content=\"https:\/\/julieantoine-makeupandnails.fr\/?page_id=231\" \/>\n<meta property=\"og:site_name\" content=\"JULIE ANTOINE \/ Makeup and Nails\" \/>\n<meta property=\"article:modified_time\" content=\"2025-05-19T20:25:43+00:00\" \/>\n<meta name=\"twitter:card\" content=\"summary_large_image\" \/>\n<meta name=\"twitter:label1\" content=\"Dur\u00e9e de lecture estim\u00e9e\" \/>\n\t<meta name=\"twitter:data1\" content=\"1 minute\" \/>\n<script type=\"application\/ld+json\" class=\"yoast-schema-graph\">{\"@context\":\"https:\/\/schema.org\",\"@graph\":[{\"@type\":\"Article\",\"@id\":\"https:\/\/julieantoine-makeupandnails.fr\/?page_id=231#article\",\"isPartOf\":{\"@id\":\"https:\/\/julieantoine-makeupandnails.fr\/?page_id=231\"},\"author\":{\"name\":\"admin5789\",\"@id\":\"https:\/\/julieantoine-makeupandnails.fr\/#\/schema\/person\/1146d676accde7fac92c48e549e9d762\"},\"headline\":\"Maquillage Cin\u00e9ma\",\"datePublished\":\"2025-05-19T20:25:14+00:00\",\"dateModified\":\"2025-05-19T20:25:43+00:00\",\"mainEntityOfPage\":{\"@id\":\"https:\/\/julieantoine-makeupandnails.fr\/?page_id=231\"},\"wordCount\":206,\"publisher\":{\"@id\":\"https:\/\/julieantoine-makeupandnails.fr\/#organization\"},\"inLanguage\":\"fr-FR\"},{\"@type\":\"WebPage\",\"@id\":\"https:\/\/julieantoine-makeupandnails.fr\/?page_id=231\",\"url\":\"https:\/\/julieantoine-makeupandnails.fr\/?page_id=231\",\"name\":\"Maquillage Cin\u00e9ma - JULIE ANTOINE \/ Makeup and Nails\",\"isPartOf\":{\"@id\":\"https:\/\/julieantoine-makeupandnails.fr\/#website\"},\"datePublished\":\"2025-05-19T20:25:14+00:00\",\"dateModified\":\"2025-05-19T20:25:43+00:00\",\"description\":\"Julie Antoine \u2013 Maquillage & Onglerie : experte en mise en beaut\u00e9, je vous propose des prestations de maquillage professionnel et de manucure soign\u00e9e. Mariage, soir\u00e9e, nail art ou beaut\u00e9 des ongles, r\u00e9servez votre moment de bien-\u00eatre d\u00e8s maintenant !\",\"breadcrumb\":{\"@id\":\"https:\/\/julieantoine-makeupandnails.fr\/?page_id=231#breadcrumb\"},\"inLanguage\":\"fr-FR\",\"potentialAction\":[{\"@type\":\"ReadAction\",\"target\":[\"https:\/\/julieantoine-makeupandnails.fr\/?page_id=231\"]}]},{\"@type\":\"BreadcrumbList\",\"@id\":\"https:\/\/julieantoine-makeupandnails.fr\/?page_id=231#breadcrumb\",\"itemListElement\":[{\"@type\":\"ListItem\",\"position\":1,\"name\":\"Accueil\",\"item\":\"https:\/\/julieantoine-makeupandnails.fr\/\"},{\"@type\":\"ListItem\",\"position\":2,\"name\":\"Maquillage Cin\u00e9ma\"}]},{\"@type\":\"WebSite\",\"@id\":\"https:\/\/julieantoine-makeupandnails.fr\/#website\",\"url\":\"https:\/\/julieantoine-makeupandnails.fr\/\",\"name\":\"JULIE ANTOINE \/ Makeup and Nails \u00e0 Reims\",\"description\":\"Maquillage et ongles \u00e0 Reims et alentours\",\"publisher\":{\"@id\":\"https:\/\/julieantoine-makeupandnails.fr\/#organization\"},\"potentialAction\":[{\"@type\":\"SearchAction\",\"target\":{\"@type\":\"EntryPoint\",\"urlTemplate\":\"https:\/\/julieantoine-makeupandnails.fr\/?s={search_term_string}\"},\"query-input\":{\"@type\":\"PropertyValueSpecification\",\"valueRequired\":true,\"valueName\":\"search_term_string\"}}],\"inLanguage\":\"fr-FR\"},{\"@type\":\"Organization\",\"@id\":\"https:\/\/julieantoine-makeupandnails.fr\/#organization\",\"name\":\"JULIE ANTOINE \/ Makeup and Nails\",\"url\":\"https:\/\/julieantoine-makeupandnails.fr\/\",\"logo\":{\"@type\":\"ImageObject\",\"inLanguage\":\"fr-FR\",\"@id\":\"https:\/\/julieantoine-makeupandnails.fr\/#\/schema\/logo\/image\/\",\"url\":\"https:\/\/julieantoine-makeupandnails.fr\/wp-content\/uploads\/2025\/03\/julie-antoine-logo.png\",\"contentUrl\":\"https:\/\/julieantoine-makeupandnails.fr\/wp-content\/uploads\/2025\/03\/julie-antoine-logo.png\",\"width\":591,\"height\":157,\"caption\":\"JULIE ANTOINE \/ Makeup and Nails\"},\"image\":{\"@id\":\"https:\/\/julieantoine-makeupandnails.fr\/#\/schema\/logo\/image\/\"}},{\"@type\":\"Person\",\"@id\":\"https:\/\/julieantoine-makeupandnails.fr\/#\/schema\/person\/1146d676accde7fac92c48e549e9d762\",\"name\":\"admin5789\",\"image\":{\"@type\":\"ImageObject\",\"inLanguage\":\"fr-FR\",\"@id\":\"https:\/\/julieantoine-makeupandnails.fr\/#\/schema\/person\/image\/\",\"url\":\"https:\/\/secure.gravatar.com\/avatar\/ac883034ccd98bbf46243a80a17332ffbcdf756a4f01cfde901f577890c2111d?s=96&d=mm&r=g\",\"contentUrl\":\"https:\/\/secure.gravatar.com\/avatar\/ac883034ccd98bbf46243a80a17332ffbcdf756a4f01cfde901f577890c2111d?s=96&d=mm&r=g\",\"caption\":\"admin5789\"},\"sameAs\":[\"http:\/\/julieantoine-makeupandnails.fr\"],\"url\":\"https:\/\/julieantoine-makeupandnails.fr\/?author=1\"}]}<\/script>\n<!-- \/ Yoast SEO plugin. -->","yoast_head_json":{"title":"Maquillage Cin\u00e9ma - JULIE ANTOINE \/ Makeup and Nails","description":"Julie Antoine \u2013 Maquillage & Onglerie : experte en mise en beaut\u00e9, je vous propose des prestations de maquillage professionnel et de manucure soign\u00e9e. Mariage, soir\u00e9e, nail art ou beaut\u00e9 des ongles, r\u00e9servez votre moment de bien-\u00eatre d\u00e8s maintenant !","robots":{"index":"index","follow":"follow","max-snippet":"max-snippet:-1","max-image-preview":"max-image-preview:large","max-video-preview":"max-video-preview:-1"},"canonical":"https:\/\/julieantoine-makeupandnails.fr\/?page_id=231","og_locale":"fr_FR","og_type":"article","og_title":"Maquillage Cin\u00e9ma - JULIE ANTOINE \/ Makeup and Nails","og_description":"Julie Antoine \u2013 Maquillage & Onglerie : experte en mise en beaut\u00e9, je vous propose des prestations de maquillage professionnel et de manucure soign\u00e9e. Mariage, soir\u00e9e, nail art ou beaut\u00e9 des ongles, r\u00e9servez votre moment de bien-\u00eatre d\u00e8s maintenant !","og_url":"https:\/\/julieantoine-makeupandnails.fr\/?page_id=231","og_site_name":"JULIE ANTOINE \/ Makeup and Nails","article_modified_time":"2025-05-19T20:25:43+00:00","twitter_card":"summary_large_image","twitter_misc":{"Dur\u00e9e de lecture estim\u00e9e":"1 minute"},"schema":{"@context":"https:\/\/schema.org","@graph":[{"@type":"Article","@id":"https:\/\/julieantoine-makeupandnails.fr\/?page_id=231#article","isPartOf":{"@id":"https:\/\/julieantoine-makeupandnails.fr\/?page_id=231"},"author":{"name":"admin5789","@id":"https:\/\/julieantoine-makeupandnails.fr\/#\/schema\/person\/1146d676accde7fac92c48e549e9d762"},"headline":"Maquillage Cin\u00e9ma","datePublished":"2025-05-19T20:25:14+00:00","dateModified":"2025-05-19T20:25:43+00:00","mainEntityOfPage":{"@id":"https:\/\/julieantoine-makeupandnails.fr\/?page_id=231"},"wordCount":206,"publisher":{"@id":"https:\/\/julieantoine-makeupandnails.fr\/#organization"},"inLanguage":"fr-FR"},{"@type":"WebPage","@id":"https:\/\/julieantoine-makeupandnails.fr\/?page_id=231","url":"https:\/\/julieantoine-makeupandnails.fr\/?page_id=231","name":"Maquillage Cin\u00e9ma - JULIE ANTOINE \/ Makeup and Nails","isPartOf":{"@id":"https:\/\/julieantoine-makeupandnails.fr\/#website"},"datePublished":"2025-05-19T20:25:14+00:00","dateModified":"2025-05-19T20:25:43+00:00","description":"Julie Antoine \u2013 Maquillage & Onglerie : experte en mise en beaut\u00e9, je vous propose des prestations de maquillage professionnel et de manucure soign\u00e9e. Mariage, soir\u00e9e, nail art ou beaut\u00e9 des ongles, r\u00e9servez votre moment de bien-\u00eatre d\u00e8s maintenant !","breadcrumb":{"@id":"https:\/\/julieantoine-makeupandnails.fr\/?page_id=231#breadcrumb"},"inLanguage":"fr-FR","potentialAction":[{"@type":"ReadAction","target":["https:\/\/julieantoine-makeupandnails.fr\/?page_id=231"]}]},{"@type":"BreadcrumbList","@id":"https:\/\/julieantoine-makeupandnails.fr\/?page_id=231#breadcrumb","itemListElement":[{"@type":"ListItem","position":1,"name":"Accueil","item":"https:\/\/julieantoine-makeupandnails.fr\/"},{"@type":"ListItem","position":2,"name":"Maquillage Cin\u00e9ma"}]},{"@type":"WebSite","@id":"https:\/\/julieantoine-makeupandnails.fr\/#website","url":"https:\/\/julieantoine-makeupandnails.fr\/","name":"JULIE ANTOINE \/ Makeup and Nails \u00e0 Reims","description":"Maquillage et ongles \u00e0 Reims et alentours","publisher":{"@id":"https:\/\/julieantoine-makeupandnails.fr\/#organization"},"potentialAction":[{"@type":"SearchAction","target":{"@type":"EntryPoint","urlTemplate":"https:\/\/julieantoine-makeupandnails.fr\/?s={search_term_string}"},"query-input":{"@type":"PropertyValueSpecification","valueRequired":true,"valueName":"search_term_string"}}],"inLanguage":"fr-FR"},{"@type":"Organization","@id":"https:\/\/julieantoine-makeupandnails.fr\/#organization","name":"JULIE ANTOINE \/ Makeup and Nails","url":"https:\/\/julieantoine-makeupandnails.fr\/","logo":{"@type":"ImageObject","inLanguage":"fr-FR","@id":"https:\/\/julieantoine-makeupandnails.fr\/#\/schema\/logo\/image\/","url":"https:\/\/julieantoine-makeupandnails.fr\/wp-content\/uploads\/2025\/03\/julie-antoine-logo.png","contentUrl":"https:\/\/julieantoine-makeupandnails.fr\/wp-content\/uploads\/2025\/03\/julie-antoine-logo.png","width":591,"height":157,"caption":"JULIE ANTOINE \/ Makeup and Nails"},"image":{"@id":"https:\/\/julieantoine-makeupandnails.fr\/#\/schema\/logo\/image\/"}},{"@type":"Person","@id":"https:\/\/julieantoine-makeupandnails.fr\/#\/schema\/person\/1146d676accde7fac92c48e549e9d762","name":"admin5789","image":{"@type":"ImageObject","inLanguage":"fr-FR","@id":"https:\/\/julieantoine-makeupandnails.fr\/#\/schema\/person\/image\/","url":"https:\/\/secure.gravatar.com\/avatar\/ac883034ccd98bbf46243a80a17332ffbcdf756a4f01cfde901f577890c2111d?s=96&d=mm&r=g","contentUrl":"https:\/\/secure.gravatar.com\/avatar\/ac883034ccd98bbf46243a80a17332ffbcdf756a4f01cfde901f577890c2111d?s=96&d=mm&r=g","caption":"admin5789"},"sameAs":["http:\/\/julieantoine-makeupandnails.fr"],"url":"https:\/\/julieantoine-makeupandnails.fr\/?author=1"}]}},"_links":{"self":[{"href":"https:\/\/julieantoine-makeupandnails.fr\/index.php?rest_route=\/wp\/v2\/pages\/231","targetHints":{"allow":["GET"]}}],"collection":[{"href":"https:\/\/julieantoine-makeupandnails.fr\/index.php?rest_route=\/wp\/v2\/pages"}],"about":[{"href":"https:\/\/julieantoine-makeupandnails.fr\/index.php?rest_route=\/wp\/v2\/types\/page"}],"author":[{"embeddable":true,"href":"https:\/\/julieantoine-makeupandnails.fr\/index.php?rest_route=\/wp\/v2\/users\/1"}],"replies":[{"embeddable":true,"href":"https:\/\/julieantoine-makeupandnails.fr\/index.php?rest_route=%2Fwp%2Fv2%2Fcomments&post=231"}],"version-history":[{"count":3,"href":"https:\/\/julieantoine-makeupandnails.fr\/index.php?rest_route=\/wp\/v2\/pages\/231\/revisions"}],"predecessor-version":[{"id":255,"href":"https:\/\/julieantoine-makeupandnails.fr\/index.php?rest_route=\/wp\/v2\/pages\/231\/revisions\/255"}],"wp:attachment":[{"href":"https:\/\/julieantoine-makeupandnails.fr\/index.php?rest_route=%2Fwp%2Fv2%2Fmedia&parent=231"}],"curies":[{"name":"wp","href":"https:\/\/api.w.org\/{rel}","templated":true}]}}