{"id":50,"date":"2025-03-31T11:40:05","date_gmt":"2025-03-31T09:40:05","guid":{"rendered":"https:\/\/julieantoine-makeupandnails.fr\/?page_id=50"},"modified":"2025-03-31T11:42:25","modified_gmt":"2025-03-31T09:42:25","slug":"mentions-legales","status":"publish","type":"page","link":"https:\/\/julieantoine-makeupandnails.fr\/?page_id=50","title":{"rendered":"Mentions l\u00e9gales"},"content":{"rendered":"\n<p><strong>1. Informations G\u00e9n\u00e9rales<\/strong><br>Conform\u00e9ment aux dispositions des articles 6-III et 19 de la Loi n\u00b0 2004-575 du 21 juin 2004 pour la Confiance dans l&rsquo;\u00e9conomie num\u00e9rique, il est pr\u00e9cis\u00e9 aux utilisateurs du site [Nom du site] l&rsquo;identit\u00e9 des diff\u00e9rents intervenants dans le cadre de sa r\u00e9alisation et de son suivi.<\/p>\n\n\n\n<p><strong>Propri\u00e9taire du site :<\/strong><br>Julie Antoine, Auto-entrepreneur<\/p>\n\n\n\n<p>91032122300018<br>julie.antoine.mua@gmail.com<\/p>\n\n\n\n<p><strong>Directrice de la publication :<\/strong><br>Julie Antoine<\/p>\n\n\n\n<p><strong>H\u00e9bergeur du site :<\/strong><br>OVH<\/p>\n\n\n\n<p><strong>2. Activit\u00e9 et Propri\u00e9t\u00e9 Intellectuelle<\/strong><br>L&rsquo;ensemble du contenu du site www.julieantoine-makeupandnails.fr incluant, de fa\u00e7on non limitative, les graphismes, images, textes, vid\u00e9os, animations, sons, logos, gifs et ic\u00f4nes ainsi que leur mise en forme sont la propri\u00e9t\u00e9 exclusive de Julie Antoine \u00e0 l&rsquo;exception des marques, logos ou contenus appartenant \u00e0 d&rsquo;autres soci\u00e9t\u00e9s partenaires ou auteurs.<\/p>\n\n\n\n<p>Toute reproduction, distribution, modification, adaptation, retransmission ou publication, m\u00eame partielle, de ces diff\u00e9rents \u00e9l\u00e9ments est strictement interdite sans l&rsquo;accord expr\u00e8s \u00e9crit de Julie Antoine. Cette repr\u00e9sentation ou reproduction, par quelque proc\u00e9d\u00e9 que ce soit, constitue une contrefa\u00e7on sanctionn\u00e9e par les articles L.335-2 et suivants du Code de la propri\u00e9t\u00e9 intellectuelle.<\/p>\n\n\n\n<p><strong>3. Protection des Donn\u00e9es Personnelles<\/strong><br>Les informations recueillies sur le site www.julieantoine-makeupandnails.fr sont enregistr\u00e9es dans un fichier informatis\u00e9 par Julie Antoine pour la gestion des rendez-vous et la relation client.<\/p>\n\n\n\n<p>Conform\u00e9ment \u00e0 la loi \u00ab\u00a0Informatique et Libert\u00e9s\u00a0\u00bb, vous pouvez exercer votre droit d&rsquo;acc\u00e8s aux donn\u00e9es vous concernant et les faire rectifier en contactant : julie.antoine.mua@gmail.com.<\/p>\n\n\n\n<p><strong>4. Responsabilit\u00e9<\/strong><br>Julie Antoine s&rsquo;efforce de fournir sur le site www.julieantoine-makeupandnails.fr des informations aussi pr\u00e9cises que possible. Toutefois, il ne pourra \u00eatre tenu responsable des omissions, inexactitudes et carences dans la mise \u00e0 jour, qu&rsquo;elles soient de son fait ou du fait des tiers partenaires qui lui fournissent ces informations.<\/p>\n\n\n\n<p>Le site www.julieantoine-makeupandnails.fr peut contenir des liens hypertextes vers d&rsquo;autres sites. Cependant, Julie Antoine n&rsquo;a pas la possibilit\u00e9 de v\u00e9rifier le contenu de ces sites et n&rsquo;assumera en cons\u00e9quence aucune responsabilit\u00e9 de ce fait.<\/p>\n\n\n\n<p><strong>5. Cookies<\/strong><br>Le site www.julieantoine-makeupandnails.fr peut \u00eatre amen\u00e9 \u00e0 vous demander l&rsquo;acceptation des cookies pour des besoins de statistiques et d&rsquo;affichage. Un cookie est une information d\u00e9pos\u00e9e sur votre disque dur par le serveur du site que vous visitez. Vous avez la possibilit\u00e9 d&rsquo;accepter ou de refuser les cookies en modifiant les param\u00e8tres de votre navigateur.<\/p>\n\n\n\n<p><strong>6. Droit Applicable et Juridiction Comp\u00e9tente<\/strong><br>Tout litige en relation avec l&rsquo;utilisation du site www.julieantoine-makeupandnails.fr est soumis au droit fran\u00e7ais.<\/p>\n","protected":false},"excerpt":{"rendered":"<p>1. Informations G\u00e9n\u00e9ralesConform\u00e9ment aux dispositions des articles 6-III et 19 de la Loi n\u00b0 2004-575 du 21 juin 2004 pour la Confiance dans l&rsquo;\u00e9conomie num\u00e9rique, il est pr\u00e9cis\u00e9 aux utilisateurs du site [Nom du site] l&rsquo;identit\u00e9 des diff\u00e9rents intervenants dans le cadre de sa r\u00e9alisation et de son suivi. Propri\u00e9taire du site :Julie Antoine, Auto-entrepreneur [&hellip;]<\/p>\n","protected":false},"author":1,"featured_media":0,"parent":0,"menu_order":0,"comment_status":"closed","ping_status":"closed","template":"","meta":{"footnotes":""},"class_list":["post-50","page","type-page","status-publish","hentry"],"yoast_head":"<!-- This site is optimized with the Yoast SEO plugin v25.6 - https:\/\/yoast.com\/wordpress\/plugins\/seo\/ -->\n<title>Mentions l\u00e9gales - JULIE ANTOINE \/ Makeup and Nails<\/title>\n<meta name=\"description\" content=\"Julie Antoine \u2013 Maquillage &amp; Onglerie : experte en mise en beaut\u00e9, je vous propose des prestations de maquillage professionnel et de manucure soign\u00e9e. Mariage, soir\u00e9e, nail art ou beaut\u00e9 des ongles, r\u00e9servez votre moment de bien-\u00eatre d\u00e8s maintenant !\" \/>\n<meta name=\"robots\" content=\"index, follow, max-snippet:-1, max-image-preview:large, max-video-preview:-1\" \/>\n<link rel=\"canonical\" href=\"https:\/\/julieantoine-makeupandnails.fr\/?page_id=50\" \/>\n<meta property=\"og:locale\" content=\"fr_FR\" \/>\n<meta property=\"og:type\" content=\"article\" \/>\n<meta property=\"og:title\" content=\"Mentions l\u00e9gales - JULIE ANTOINE \/ Makeup and Nails\" \/>\n<meta property=\"og:description\" content=\"Julie Antoine \u2013 Maquillage &amp; Onglerie : experte en mise en beaut\u00e9, je vous propose des prestations de maquillage professionnel et de manucure soign\u00e9e. Mariage, soir\u00e9e, nail art ou beaut\u00e9 des ongles, r\u00e9servez votre moment de bien-\u00eatre d\u00e8s maintenant !\" \/>\n<meta property=\"og:url\" content=\"https:\/\/julieantoine-makeupandnails.fr\/?page_id=50\" \/>\n<meta property=\"og:site_name\" content=\"JULIE ANTOINE \/ Makeup and Nails\" \/>\n<meta property=\"article:modified_time\" content=\"2025-03-31T09:42:25+00:00\" \/>\n<meta name=\"twitter:card\" content=\"summary_large_image\" \/>\n<meta name=\"twitter:label1\" content=\"Dur\u00e9e de lecture estim\u00e9e\" \/>\n\t<meta name=\"twitter:data1\" content=\"2 minutes\" \/>\n<script type=\"application\/ld+json\" class=\"yoast-schema-graph\">{\"@context\":\"https:\/\/schema.org\",\"@graph\":[{\"@type\":\"Article\",\"@id\":\"https:\/\/julieantoine-makeupandnails.fr\/?page_id=50#article\",\"isPartOf\":{\"@id\":\"https:\/\/julieantoine-makeupandnails.fr\/?page_id=50\"},\"author\":{\"name\":\"admin5789\",\"@id\":\"https:\/\/julieantoine-makeupandnails.fr\/#\/schema\/person\/1146d676accde7fac92c48e549e9d762\"},\"headline\":\"Mentions l\u00e9gales\",\"datePublished\":\"2025-03-31T09:40:05+00:00\",\"dateModified\":\"2025-03-31T09:42:25+00:00\",\"mainEntityOfPage\":{\"@id\":\"https:\/\/julieantoine-makeupandnails.fr\/?page_id=50\"},\"wordCount\":450,\"publisher\":{\"@id\":\"https:\/\/julieantoine-makeupandnails.fr\/#organization\"},\"inLanguage\":\"fr-FR\"},{\"@type\":\"WebPage\",\"@id\":\"https:\/\/julieantoine-makeupandnails.fr\/?page_id=50\",\"url\":\"https:\/\/julieantoine-makeupandnails.fr\/?page_id=50\",\"name\":\"Mentions l\u00e9gales - JULIE ANTOINE \/ Makeup and Nails\",\"isPartOf\":{\"@id\":\"https:\/\/julieantoine-makeupandnails.fr\/#website\"},\"datePublished\":\"2025-03-31T09:40:05+00:00\",\"dateModified\":\"2025-03-31T09:42:25+00:00\",\"description\":\"Julie Antoine \u2013 Maquillage & Onglerie : experte en mise en beaut\u00e9, je vous propose des prestations de maquillage professionnel et de manucure soign\u00e9e. Mariage, soir\u00e9e, nail art ou beaut\u00e9 des ongles, r\u00e9servez votre moment de bien-\u00eatre d\u00e8s maintenant !\",\"breadcrumb\":{\"@id\":\"https:\/\/julieantoine-makeupandnails.fr\/?page_id=50#breadcrumb\"},\"inLanguage\":\"fr-FR\",\"potentialAction\":[{\"@type\":\"ReadAction\",\"target\":[\"https:\/\/julieantoine-makeupandnails.fr\/?page_id=50\"]}]},{\"@type\":\"BreadcrumbList\",\"@id\":\"https:\/\/julieantoine-makeupandnails.fr\/?page_id=50#breadcrumb\",\"itemListElement\":[{\"@type\":\"ListItem\",\"position\":1,\"name\":\"Accueil\",\"item\":\"https:\/\/julieantoine-makeupandnails.fr\/\"},{\"@type\":\"ListItem\",\"position\":2,\"name\":\"Mentions l\u00e9gales\"}]},{\"@type\":\"WebSite\",\"@id\":\"https:\/\/julieantoine-makeupandnails.fr\/#website\",\"url\":\"https:\/\/julieantoine-makeupandnails.fr\/\",\"name\":\"JULIE ANTOINE \/ Makeup and Nails \u00e0 Reims\",\"description\":\"Maquillage et ongles \u00e0 Reims et alentours\",\"publisher\":{\"@id\":\"https:\/\/julieantoine-makeupandnails.fr\/#organization\"},\"potentialAction\":[{\"@type\":\"SearchAction\",\"target\":{\"@type\":\"EntryPoint\",\"urlTemplate\":\"https:\/\/julieantoine-makeupandnails.fr\/?s={search_term_string}\"},\"query-input\":{\"@type\":\"PropertyValueSpecification\",\"valueRequired\":true,\"valueName\":\"search_term_string\"}}],\"inLanguage\":\"fr-FR\"},{\"@type\":\"Organization\",\"@id\":\"https:\/\/julieantoine-makeupandnails.fr\/#organization\",\"name\":\"JULIE ANTOINE \/ Makeup and Nails\",\"url\":\"https:\/\/julieantoine-makeupandnails.fr\/\",\"logo\":{\"@type\":\"ImageObject\",\"inLanguage\":\"fr-FR\",\"@id\":\"https:\/\/julieantoine-makeupandnails.fr\/#\/schema\/logo\/image\/\",\"url\":\"https:\/\/julieantoine-makeupandnails.fr\/wp-content\/uploads\/2025\/03\/julie-antoine-logo.png\",\"contentUrl\":\"https:\/\/julieantoine-makeupandnails.fr\/wp-content\/uploads\/2025\/03\/julie-antoine-logo.png\",\"width\":591,\"height\":157,\"caption\":\"JULIE ANTOINE \/ Makeup and Nails\"},\"image\":{\"@id\":\"https:\/\/julieantoine-makeupandnails.fr\/#\/schema\/logo\/image\/\"}},{\"@type\":\"Person\",\"@id\":\"https:\/\/julieantoine-makeupandnails.fr\/#\/schema\/person\/1146d676accde7fac92c48e549e9d762\",\"name\":\"admin5789\",\"image\":{\"@type\":\"ImageObject\",\"inLanguage\":\"fr-FR\",\"@id\":\"https:\/\/julieantoine-makeupandnails.fr\/#\/schema\/person\/image\/\",\"url\":\"https:\/\/secure.gravatar.com\/avatar\/ac883034ccd98bbf46243a80a17332ffbcdf756a4f01cfde901f577890c2111d?s=96&d=mm&r=g\",\"contentUrl\":\"https:\/\/secure.gravatar.com\/avatar\/ac883034ccd98bbf46243a80a17332ffbcdf756a4f01cfde901f577890c2111d?s=96&d=mm&r=g\",\"caption\":\"admin5789\"},\"sameAs\":[\"http:\/\/julieantoine-makeupandnails.fr\"],\"url\":\"https:\/\/julieantoine-makeupandnails.fr\/?author=1\"}]}<\/script>\n<!-- \/ Yoast SEO plugin. -->","yoast_head_json":{"title":"Mentions l\u00e9gales - JULIE ANTOINE \/ Makeup and Nails","description":"Julie Antoine \u2013 Maquillage & Onglerie : experte en mise en beaut\u00e9, je vous propose des prestations de maquillage professionnel et de manucure soign\u00e9e. Mariage, soir\u00e9e, nail art ou beaut\u00e9 des ongles, r\u00e9servez votre moment de bien-\u00eatre d\u00e8s maintenant !","robots":{"index":"index","follow":"follow","max-snippet":"max-snippet:-1","max-image-preview":"max-image-preview:large","max-video-preview":"max-video-preview:-1"},"canonical":"https:\/\/julieantoine-makeupandnails.fr\/?page_id=50","og_locale":"fr_FR","og_type":"article","og_title":"Mentions l\u00e9gales - JULIE ANTOINE \/ Makeup and Nails","og_description":"Julie Antoine \u2013 Maquillage & Onglerie : experte en mise en beaut\u00e9, je vous propose des prestations de maquillage professionnel et de manucure soign\u00e9e. Mariage, soir\u00e9e, nail art ou beaut\u00e9 des ongles, r\u00e9servez votre moment de bien-\u00eatre d\u00e8s maintenant !","og_url":"https:\/\/julieantoine-makeupandnails.fr\/?page_id=50","og_site_name":"JULIE ANTOINE \/ Makeup and Nails","article_modified_time":"2025-03-31T09:42:25+00:00","twitter_card":"summary_large_image","twitter_misc":{"Dur\u00e9e de lecture estim\u00e9e":"2 minutes"},"schema":{"@context":"https:\/\/schema.org","@graph":[{"@type":"Article","@id":"https:\/\/julieantoine-makeupandnails.fr\/?page_id=50#article","isPartOf":{"@id":"https:\/\/julieantoine-makeupandnails.fr\/?page_id=50"},"author":{"name":"admin5789","@id":"https:\/\/julieantoine-makeupandnails.fr\/#\/schema\/person\/1146d676accde7fac92c48e549e9d762"},"headline":"Mentions l\u00e9gales","datePublished":"2025-03-31T09:40:05+00:00","dateModified":"2025-03-31T09:42:25+00:00","mainEntityOfPage":{"@id":"https:\/\/julieantoine-makeupandnails.fr\/?page_id=50"},"wordCount":450,"publisher":{"@id":"https:\/\/julieantoine-makeupandnails.fr\/#organization"},"inLanguage":"fr-FR"},{"@type":"WebPage","@id":"https:\/\/julieantoine-makeupandnails.fr\/?page_id=50","url":"https:\/\/julieantoine-makeupandnails.fr\/?page_id=50","name":"Mentions l\u00e9gales - JULIE ANTOINE \/ Makeup and Nails","isPartOf":{"@id":"https:\/\/julieantoine-makeupandnails.fr\/#website"},"datePublished":"2025-03-31T09:40:05+00:00","dateModified":"2025-03-31T09:42:25+00:00","description":"Julie Antoine \u2013 Maquillage & Onglerie : experte en mise en beaut\u00e9, je vous propose des prestations de maquillage professionnel et de manucure soign\u00e9e. Mariage, soir\u00e9e, nail art ou beaut\u00e9 des ongles, r\u00e9servez votre moment de bien-\u00eatre d\u00e8s maintenant !","breadcrumb":{"@id":"https:\/\/julieantoine-makeupandnails.fr\/?page_id=50#breadcrumb"},"inLanguage":"fr-FR","potentialAction":[{"@type":"ReadAction","target":["https:\/\/julieantoine-makeupandnails.fr\/?page_id=50"]}]},{"@type":"BreadcrumbList","@id":"https:\/\/julieantoine-makeupandnails.fr\/?page_id=50#breadcrumb","itemListElement":[{"@type":"ListItem","position":1,"name":"Accueil","item":"https:\/\/julieantoine-makeupandnails.fr\/"},{"@type":"ListItem","position":2,"name":"Mentions l\u00e9gales"}]},{"@type":"WebSite","@id":"https:\/\/julieantoine-makeupandnails.fr\/#website","url":"https:\/\/julieantoine-makeupandnails.fr\/","name":"JULIE ANTOINE \/ Makeup and Nails \u00e0 Reims","description":"Maquillage et ongles \u00e0 Reims et alentours","publisher":{"@id":"https:\/\/julieantoine-makeupandnails.fr\/#organization"},"potentialAction":[{"@type":"SearchAction","target":{"@type":"EntryPoint","urlTemplate":"https:\/\/julieantoine-makeupandnails.fr\/?s={search_term_string}"},"query-input":{"@type":"PropertyValueSpecification","valueRequired":true,"valueName":"search_term_string"}}],"inLanguage":"fr-FR"},{"@type":"Organization","@id":"https:\/\/julieantoine-makeupandnails.fr\/#organization","name":"JULIE ANTOINE \/ Makeup and Nails","url":"https:\/\/julieantoine-makeupandnails.fr\/","logo":{"@type":"ImageObject","inLanguage":"fr-FR","@id":"https:\/\/julieantoine-makeupandnails.fr\/#\/schema\/logo\/image\/","url":"https:\/\/julieantoine-makeupandnails.fr\/wp-content\/uploads\/2025\/03\/julie-antoine-logo.png","contentUrl":"https:\/\/julieantoine-makeupandnails.fr\/wp-content\/uploads\/2025\/03\/julie-antoine-logo.png","width":591,"height":157,"caption":"JULIE ANTOINE \/ Makeup and Nails"},"image":{"@id":"https:\/\/julieantoine-makeupandnails.fr\/#\/schema\/logo\/image\/"}},{"@type":"Person","@id":"https:\/\/julieantoine-makeupandnails.fr\/#\/schema\/person\/1146d676accde7fac92c48e549e9d762","name":"admin5789","image":{"@type":"ImageObject","inLanguage":"fr-FR","@id":"https:\/\/julieantoine-makeupandnails.fr\/#\/schema\/person\/image\/","url":"https:\/\/secure.gravatar.com\/avatar\/ac883034ccd98bbf46243a80a17332ffbcdf756a4f01cfde901f577890c2111d?s=96&d=mm&r=g","contentUrl":"https:\/\/secure.gravatar.com\/avatar\/ac883034ccd98bbf46243a80a17332ffbcdf756a4f01cfde901f577890c2111d?s=96&d=mm&r=g","caption":"admin5789"},"sameAs":["http:\/\/julieantoine-makeupandnails.fr"],"url":"https:\/\/julieantoine-makeupandnails.fr\/?author=1"}]}},"_links":{"self":[{"href":"https:\/\/julieantoine-makeupandnails.fr\/index.php?rest_route=\/wp\/v2\/pages\/50","targetHints":{"allow":["GET"]}}],"collection":[{"href":"https:\/\/julieantoine-makeupandnails.fr\/index.php?rest_route=\/wp\/v2\/pages"}],"about":[{"href":"https:\/\/julieantoine-makeupandnails.fr\/index.php?rest_route=\/wp\/v2\/types\/page"}],"author":[{"embeddable":true,"href":"https:\/\/julieantoine-makeupandnails.fr\/index.php?rest_route=\/wp\/v2\/users\/1"}],"replies":[{"embeddable":true,"href":"https:\/\/julieantoine-makeupandnails.fr\/index.php?rest_route=%2Fwp%2Fv2%2Fcomments&post=50"}],"version-history":[{"count":2,"href":"https:\/\/julieantoine-makeupandnails.fr\/index.php?rest_route=\/wp\/v2\/pages\/50\/revisions"}],"predecessor-version":[{"id":53,"href":"https:\/\/julieantoine-makeupandnails.fr\/index.php?rest_route=\/wp\/v2\/pages\/50\/revisions\/53"}],"wp:attachment":[{"href":"https:\/\/julieantoine-makeupandnails.fr\/index.php?rest_route=%2Fwp%2Fv2%2Fmedia&parent=50"}],"curies":[{"name":"wp","href":"https:\/\/api.w.org\/{rel}","templated":true}]}}