{"id":56,"date":"2025-03-31T12:59:28","date_gmt":"2025-03-31T10:59:28","guid":{"rendered":"https:\/\/julieantoine-makeupandnails.fr\/?page_id=56"},"modified":"2025-03-31T13:17:48","modified_gmt":"2025-03-31T11:17:48","slug":"contactez-moi","status":"publish","type":"page","link":"https:\/\/julieantoine-makeupandnails.fr\/?page_id=56","title":{"rendered":"Contactez-moi"},"content":{"rendered":"<style id=\"wpforms-css-vars-36\">\n\t\t\t\t#wpforms-36 {\n\t\t\t\t--wpforms-container-padding: 0px;\n--wpforms-container-border-width: 1px;\n--wpforms-container-border-radius: 3px;\n--wpforms-background-color: rgba(0, 0, 0, 0);\n--wpforms-field-size-input-height: 43px;\n--wpforms-field-size-input-spacing: 15px;\n--wpforms-field-size-font-size: 16px;\n--wpforms-field-size-line-height: 19px;\n--wpforms-field-size-padding-h: 14px;\n--wpforms-field-size-checkbox-size: 16px;\n--wpforms-field-size-sublabel-spacing: 5px;\n--wpforms-field-size-icon-size: 1;\n--wpforms-label-size-font-size: 16px;\n--wpforms-label-size-line-height: 19px;\n--wpforms-label-size-sublabel-font-size: 14px;\n--wpforms-label-size-sublabel-line-height: 17px;\n--wpforms-button-size-font-size: 17px;\n--wpforms-button-size-height: 41px;\n--wpforms-button-size-padding-h: 15px;\n--wpforms-button-size-margin-top: 10px;\n--wpforms-container-shadow-size-box-shadow: none;\n\n\t\t\t}\n\t\t\t<\/style><div class=\"wpforms-container wpforms-container-full wpforms-render-modern\" id=\"wpforms-36\"><form id=\"wpforms-form-36\" class=\"wpforms-validate wpforms-form wpforms-ajax-form\" data-formid=\"36\" method=\"post\" enctype=\"multipart\/form-data\" action=\"\/index.php?rest_route=%2Fwp%2Fv2%2Fpages%2F56\" data-token=\"a694ee5408777c798e3dbc2320a4b4f3\" data-token-time=\"1778305841\"><noscript class=\"wpforms-error-noscript\">Veuillez activer JavaScript dans votre navigateur pour remplir ce formulaire.<\/noscript><div id=\"wpforms-error-noscript\" style=\"display: none;\">Veuillez activer JavaScript dans votre navigateur pour remplir ce formulaire.<\/div><div class=\"wpforms-field-container\"><div id=\"wpforms-36-field_1-container\" class=\"wpforms-field wpforms-field-name\" data-field-id=\"1\"><fieldset><legend class=\"wpforms-field-label\">VOTRE NOM ET PR\u00c9NOM <span class=\"wpforms-required-label\" aria-hidden=\"true\">*<\/span><\/legend><div class=\"wpforms-field-row wpforms-field-medium\"><div class=\"wpforms-field-row-block wpforms-first wpforms-one-half\"><input type=\"text\" id=\"wpforms-36-field_1\" class=\"wpforms-field-name-first wpforms-field-required\" name=\"wpforms[fields][1][first]\" aria-errormessage=\"wpforms-36-field_1-error\" required><label for=\"wpforms-36-field_1\" class=\"wpforms-field-sublabel after\">Pr\u00e9nom<\/label><\/div><div class=\"wpforms-field-row-block wpforms-one-half\"><input type=\"text\" id=\"wpforms-36-field_1-last\" class=\"wpforms-field-name-last wpforms-field-required\" name=\"wpforms[fields][1][last]\" aria-errormessage=\"wpforms-36-field_1-last-error\" required><label for=\"wpforms-36-field_1-last\" class=\"wpforms-field-sublabel after\">Nom<\/label><\/div><\/div><\/fieldset><\/div><div id=\"wpforms-36-field_2-container\" class=\"wpforms-field wpforms-field-email\" data-field-id=\"2\"><label class=\"wpforms-field-label\" for=\"wpforms-36-field_2\">VOTRE E-MAIL <span class=\"wpforms-required-label\" aria-hidden=\"true\">*<\/span><\/label><input type=\"email\" id=\"wpforms-36-field_2\" class=\"wpforms-field-medium wpforms-field-required\" name=\"wpforms[fields][2]\" spellcheck=\"false\" aria-errormessage=\"wpforms-36-field_2-error\" required><\/div>\t\t<div id=\"wpforms-36-field_4-container\"\n\t\t\tclass=\"wpforms-field wpforms-field-text\"\n\t\t\tdata-field-type=\"text\"\n\t\t\tdata-field-id=\"4\"\n\t\t\t>\n\t\t\t<label class=\"wpforms-field-label\" for=\"wpforms-36-field_4\" >VOTRE ET VOTRE<\/label>\n\t\t\t<input type=\"text\" id=\"wpforms-36-field_4\" class=\"wpforms-field-medium\" name=\"wpforms[fields][4]\" >\n\t\t<\/div>\n\t\t<div id=\"wpforms-36-field_3-container\" class=\"wpforms-field wpforms-field-textarea\" data-field-id=\"3\"><label class=\"wpforms-field-label\" for=\"wpforms-36-field_3\">VOTRE MESSAGE <span class=\"wpforms-required-label\" aria-hidden=\"true\">*<\/span><\/label><textarea id=\"wpforms-36-field_3\" class=\"wpforms-field-medium wpforms-field-required\" name=\"wpforms[fields][3]\" aria-errormessage=\"wpforms-36-field_3-error\" required><\/textarea><\/div><script>\n\t\t\t\t( function() {\n\t\t\t\t\tconst style = document.createElement( 'style' );\n\t\t\t\t\tstyle.appendChild( document.createTextNode( '#wpforms-36-field_4-container { position: absolute !important; overflow: hidden !important; display: inline !important; height: 1px !important; width: 1px !important; z-index: -1000 !important; padding: 0 !important; } #wpforms-36-field_4-container input { visibility: hidden; } #wpforms-conversational-form-page #wpforms-36-field_4-container label { counter-increment: none; }' ) );\n\t\t\t\t\tdocument.head.appendChild( style );\n\t\t\t\t\tdocument.currentScript?.remove();\n\t\t\t\t} )();\n\t\t\t<\/script><\/div><!-- .wpforms-field-container --><div class=\"wpforms-submit-container\" ><input type=\"hidden\" name=\"wpforms[id]\" value=\"36\"><input type=\"hidden\" name=\"page_title\" value=\"\"><input type=\"hidden\" name=\"page_url\" value=\"https:\/\/julieantoine-makeupandnails.fr\/index.php?rest_route=\/wp\/v2\/pages\/56\"><input type=\"hidden\" name=\"url_referer\" value=\"\"><button type=\"submit\" name=\"wpforms[submit]\" id=\"wpforms-submit-36\" class=\"wpforms-submit\" data-alt-text=\"Envoi...\" data-submit-text=\"Envoyer\" aria-live=\"assertive\" value=\"wpforms-submit\">Envoyer<\/button><img loading=\"lazy\" decoding=\"async\" src=\"https:\/\/julieantoine-makeupandnails.fr\/wp-content\/plugins\/wpforms-lite\/assets\/images\/submit-spin.svg\" class=\"wpforms-submit-spinner\" style=\"display: none;\" width=\"26\" height=\"26\" alt=\"Chargement en cours\"><\/div><\/form><\/div>  <!-- .wpforms-container -->\n","protected":false},"excerpt":{"rendered":"","protected":false},"author":1,"featured_media":0,"parent":0,"menu_order":0,"comment_status":"closed","ping_status":"closed","template":"","meta":{"footnotes":""},"class_list":["post-56","page","type-page","status-publish","hentry"],"yoast_head":"<!-- This site is optimized with the Yoast SEO plugin v25.6 - https:\/\/yoast.com\/wordpress\/plugins\/seo\/ -->\n<title>Contactez-moi - JULIE ANTOINE \/ Makeup and Nails<\/title>\n<meta name=\"description\" content=\"Julie Antoine \u2013 Maquillage &amp; Onglerie : experte en mise en beaut\u00e9, je vous propose des prestations de maquillage professionnel et de manucure soign\u00e9e. Mariage, soir\u00e9e, nail art ou beaut\u00e9 des ongles, r\u00e9servez votre moment de bien-\u00eatre d\u00e8s maintenant !\" \/>\n<meta name=\"robots\" content=\"index, follow, max-snippet:-1, max-image-preview:large, max-video-preview:-1\" \/>\n<link rel=\"canonical\" href=\"https:\/\/julieantoine-makeupandnails.fr\/?page_id=56\" \/>\n<meta property=\"og:locale\" content=\"fr_FR\" \/>\n<meta property=\"og:type\" content=\"article\" \/>\n<meta property=\"og:title\" content=\"Contactez-moi - JULIE ANTOINE \/ Makeup and Nails\" \/>\n<meta property=\"og:description\" content=\"Julie Antoine \u2013 Maquillage &amp; Onglerie : experte en mise en beaut\u00e9, je vous propose des prestations de maquillage professionnel et de manucure soign\u00e9e. Mariage, soir\u00e9e, nail art ou beaut\u00e9 des ongles, r\u00e9servez votre moment de bien-\u00eatre d\u00e8s maintenant !\" \/>\n<meta property=\"og:url\" content=\"https:\/\/julieantoine-makeupandnails.fr\/?page_id=56\" \/>\n<meta property=\"og:site_name\" content=\"JULIE ANTOINE \/ Makeup and Nails\" \/>\n<meta property=\"article:modified_time\" content=\"2025-03-31T11:17:48+00:00\" \/>\n<meta name=\"twitter:card\" content=\"summary_large_image\" \/>\n<script type=\"application\/ld+json\" class=\"yoast-schema-graph\">{\"@context\":\"https:\/\/schema.org\",\"@graph\":[{\"@type\":\"Article\",\"@id\":\"https:\/\/julieantoine-makeupandnails.fr\/?page_id=56#article\",\"isPartOf\":{\"@id\":\"https:\/\/julieantoine-makeupandnails.fr\/?page_id=56\"},\"author\":{\"name\":\"admin5789\",\"@id\":\"https:\/\/julieantoine-makeupandnails.fr\/#\/schema\/person\/1146d676accde7fac92c48e549e9d762\"},\"headline\":\"Contactez-moi\",\"datePublished\":\"2025-03-31T10:59:28+00:00\",\"dateModified\":\"2025-03-31T11:17:48+00:00\",\"mainEntityOfPage\":{\"@id\":\"https:\/\/julieantoine-makeupandnails.fr\/?page_id=56\"},\"wordCount\":3,\"publisher\":{\"@id\":\"https:\/\/julieantoine-makeupandnails.fr\/#organization\"},\"inLanguage\":\"fr-FR\"},{\"@type\":\"WebPage\",\"@id\":\"https:\/\/julieantoine-makeupandnails.fr\/?page_id=56\",\"url\":\"https:\/\/julieantoine-makeupandnails.fr\/?page_id=56\",\"name\":\"Contactez-moi - JULIE ANTOINE \/ Makeup and Nails\",\"isPartOf\":{\"@id\":\"https:\/\/julieantoine-makeupandnails.fr\/#website\"},\"datePublished\":\"2025-03-31T10:59:28+00:00\",\"dateModified\":\"2025-03-31T11:17:48+00:00\",\"description\":\"Julie Antoine \u2013 Maquillage & Onglerie : experte en mise en beaut\u00e9, je vous propose des prestations de maquillage professionnel et de manucure soign\u00e9e. Mariage, soir\u00e9e, nail art ou beaut\u00e9 des ongles, r\u00e9servez votre moment de bien-\u00eatre d\u00e8s maintenant !\",\"breadcrumb\":{\"@id\":\"https:\/\/julieantoine-makeupandnails.fr\/?page_id=56#breadcrumb\"},\"inLanguage\":\"fr-FR\",\"potentialAction\":[{\"@type\":\"ReadAction\",\"target\":[\"https:\/\/julieantoine-makeupandnails.fr\/?page_id=56\"]}]},{\"@type\":\"BreadcrumbList\",\"@id\":\"https:\/\/julieantoine-makeupandnails.fr\/?page_id=56#breadcrumb\",\"itemListElement\":[{\"@type\":\"ListItem\",\"position\":1,\"name\":\"Accueil\",\"item\":\"https:\/\/julieantoine-makeupandnails.fr\/\"},{\"@type\":\"ListItem\",\"position\":2,\"name\":\"Contactez-moi\"}]},{\"@type\":\"WebSite\",\"@id\":\"https:\/\/julieantoine-makeupandnails.fr\/#website\",\"url\":\"https:\/\/julieantoine-makeupandnails.fr\/\",\"name\":\"JULIE ANTOINE \/ Makeup and Nails \u00e0 Reims\",\"description\":\"Maquillage et ongles \u00e0 Reims et alentours\",\"publisher\":{\"@id\":\"https:\/\/julieantoine-makeupandnails.fr\/#organization\"},\"potentialAction\":[{\"@type\":\"SearchAction\",\"target\":{\"@type\":\"EntryPoint\",\"urlTemplate\":\"https:\/\/julieantoine-makeupandnails.fr\/?s={search_term_string}\"},\"query-input\":{\"@type\":\"PropertyValueSpecification\",\"valueRequired\":true,\"valueName\":\"search_term_string\"}}],\"inLanguage\":\"fr-FR\"},{\"@type\":\"Organization\",\"@id\":\"https:\/\/julieantoine-makeupandnails.fr\/#organization\",\"name\":\"JULIE ANTOINE \/ Makeup and Nails\",\"url\":\"https:\/\/julieantoine-makeupandnails.fr\/\",\"logo\":{\"@type\":\"ImageObject\",\"inLanguage\":\"fr-FR\",\"@id\":\"https:\/\/julieantoine-makeupandnails.fr\/#\/schema\/logo\/image\/\",\"url\":\"https:\/\/julieantoine-makeupandnails.fr\/wp-content\/uploads\/2025\/03\/julie-antoine-logo.png\",\"contentUrl\":\"https:\/\/julieantoine-makeupandnails.fr\/wp-content\/uploads\/2025\/03\/julie-antoine-logo.png\",\"width\":591,\"height\":157,\"caption\":\"JULIE ANTOINE \/ Makeup and Nails\"},\"image\":{\"@id\":\"https:\/\/julieantoine-makeupandnails.fr\/#\/schema\/logo\/image\/\"}},{\"@type\":\"Person\",\"@id\":\"https:\/\/julieantoine-makeupandnails.fr\/#\/schema\/person\/1146d676accde7fac92c48e549e9d762\",\"name\":\"admin5789\",\"image\":{\"@type\":\"ImageObject\",\"inLanguage\":\"fr-FR\",\"@id\":\"https:\/\/julieantoine-makeupandnails.fr\/#\/schema\/person\/image\/\",\"url\":\"https:\/\/secure.gravatar.com\/avatar\/ac883034ccd98bbf46243a80a17332ffbcdf756a4f01cfde901f577890c2111d?s=96&d=mm&r=g\",\"contentUrl\":\"https:\/\/secure.gravatar.com\/avatar\/ac883034ccd98bbf46243a80a17332ffbcdf756a4f01cfde901f577890c2111d?s=96&d=mm&r=g\",\"caption\":\"admin5789\"},\"sameAs\":[\"http:\/\/julieantoine-makeupandnails.fr\"],\"url\":\"https:\/\/julieantoine-makeupandnails.fr\/?author=1\"}]}<\/script>\n<!-- \/ Yoast SEO plugin. -->","yoast_head_json":{"title":"Contactez-moi - JULIE ANTOINE \/ Makeup and Nails","description":"Julie Antoine \u2013 Maquillage & Onglerie : experte en mise en beaut\u00e9, je vous propose des prestations de maquillage professionnel et de manucure soign\u00e9e. Mariage, soir\u00e9e, nail art ou beaut\u00e9 des ongles, r\u00e9servez votre moment de bien-\u00eatre d\u00e8s maintenant !","robots":{"index":"index","follow":"follow","max-snippet":"max-snippet:-1","max-image-preview":"max-image-preview:large","max-video-preview":"max-video-preview:-1"},"canonical":"https:\/\/julieantoine-makeupandnails.fr\/?page_id=56","og_locale":"fr_FR","og_type":"article","og_title":"Contactez-moi - JULIE ANTOINE \/ Makeup and Nails","og_description":"Julie Antoine \u2013 Maquillage & Onglerie : experte en mise en beaut\u00e9, je vous propose des prestations de maquillage professionnel et de manucure soign\u00e9e. Mariage, soir\u00e9e, nail art ou beaut\u00e9 des ongles, r\u00e9servez votre moment de bien-\u00eatre d\u00e8s maintenant !","og_url":"https:\/\/julieantoine-makeupandnails.fr\/?page_id=56","og_site_name":"JULIE ANTOINE \/ Makeup and Nails","article_modified_time":"2025-03-31T11:17:48+00:00","twitter_card":"summary_large_image","schema":{"@context":"https:\/\/schema.org","@graph":[{"@type":"Article","@id":"https:\/\/julieantoine-makeupandnails.fr\/?page_id=56#article","isPartOf":{"@id":"https:\/\/julieantoine-makeupandnails.fr\/?page_id=56"},"author":{"name":"admin5789","@id":"https:\/\/julieantoine-makeupandnails.fr\/#\/schema\/person\/1146d676accde7fac92c48e549e9d762"},"headline":"Contactez-moi","datePublished":"2025-03-31T10:59:28+00:00","dateModified":"2025-03-31T11:17:48+00:00","mainEntityOfPage":{"@id":"https:\/\/julieantoine-makeupandnails.fr\/?page_id=56"},"wordCount":3,"publisher":{"@id":"https:\/\/julieantoine-makeupandnails.fr\/#organization"},"inLanguage":"fr-FR"},{"@type":"WebPage","@id":"https:\/\/julieantoine-makeupandnails.fr\/?page_id=56","url":"https:\/\/julieantoine-makeupandnails.fr\/?page_id=56","name":"Contactez-moi - JULIE ANTOINE \/ Makeup and Nails","isPartOf":{"@id":"https:\/\/julieantoine-makeupandnails.fr\/#website"},"datePublished":"2025-03-31T10:59:28+00:00","dateModified":"2025-03-31T11:17:48+00:00","description":"Julie Antoine \u2013 Maquillage & Onglerie : experte en mise en beaut\u00e9, je vous propose des prestations de maquillage professionnel et de manucure soign\u00e9e. Mariage, soir\u00e9e, nail art ou beaut\u00e9 des ongles, r\u00e9servez votre moment de bien-\u00eatre d\u00e8s maintenant !","breadcrumb":{"@id":"https:\/\/julieantoine-makeupandnails.fr\/?page_id=56#breadcrumb"},"inLanguage":"fr-FR","potentialAction":[{"@type":"ReadAction","target":["https:\/\/julieantoine-makeupandnails.fr\/?page_id=56"]}]},{"@type":"BreadcrumbList","@id":"https:\/\/julieantoine-makeupandnails.fr\/?page_id=56#breadcrumb","itemListElement":[{"@type":"ListItem","position":1,"name":"Accueil","item":"https:\/\/julieantoine-makeupandnails.fr\/"},{"@type":"ListItem","position":2,"name":"Contactez-moi"}]},{"@type":"WebSite","@id":"https:\/\/julieantoine-makeupandnails.fr\/#website","url":"https:\/\/julieantoine-makeupandnails.fr\/","name":"JULIE ANTOINE \/ Makeup and Nails \u00e0 Reims","description":"Maquillage et ongles \u00e0 Reims et alentours","publisher":{"@id":"https:\/\/julieantoine-makeupandnails.fr\/#organization"},"potentialAction":[{"@type":"SearchAction","target":{"@type":"EntryPoint","urlTemplate":"https:\/\/julieantoine-makeupandnails.fr\/?s={search_term_string}"},"query-input":{"@type":"PropertyValueSpecification","valueRequired":true,"valueName":"search_term_string"}}],"inLanguage":"fr-FR"},{"@type":"Organization","@id":"https:\/\/julieantoine-makeupandnails.fr\/#organization","name":"JULIE ANTOINE \/ Makeup and Nails","url":"https:\/\/julieantoine-makeupandnails.fr\/","logo":{"@type":"ImageObject","inLanguage":"fr-FR","@id":"https:\/\/julieantoine-makeupandnails.fr\/#\/schema\/logo\/image\/","url":"https:\/\/julieantoine-makeupandnails.fr\/wp-content\/uploads\/2025\/03\/julie-antoine-logo.png","contentUrl":"https:\/\/julieantoine-makeupandnails.fr\/wp-content\/uploads\/2025\/03\/julie-antoine-logo.png","width":591,"height":157,"caption":"JULIE ANTOINE \/ Makeup and Nails"},"image":{"@id":"https:\/\/julieantoine-makeupandnails.fr\/#\/schema\/logo\/image\/"}},{"@type":"Person","@id":"https:\/\/julieantoine-makeupandnails.fr\/#\/schema\/person\/1146d676accde7fac92c48e549e9d762","name":"admin5789","image":{"@type":"ImageObject","inLanguage":"fr-FR","@id":"https:\/\/julieantoine-makeupandnails.fr\/#\/schema\/person\/image\/","url":"https:\/\/secure.gravatar.com\/avatar\/ac883034ccd98bbf46243a80a17332ffbcdf756a4f01cfde901f577890c2111d?s=96&d=mm&r=g","contentUrl":"https:\/\/secure.gravatar.com\/avatar\/ac883034ccd98bbf46243a80a17332ffbcdf756a4f01cfde901f577890c2111d?s=96&d=mm&r=g","caption":"admin5789"},"sameAs":["http:\/\/julieantoine-makeupandnails.fr"],"url":"https:\/\/julieantoine-makeupandnails.fr\/?author=1"}]}},"_links":{"self":[{"href":"https:\/\/julieantoine-makeupandnails.fr\/index.php?rest_route=\/wp\/v2\/pages\/56","targetHints":{"allow":["GET"]}}],"collection":[{"href":"https:\/\/julieantoine-makeupandnails.fr\/index.php?rest_route=\/wp\/v2\/pages"}],"about":[{"href":"https:\/\/julieantoine-makeupandnails.fr\/index.php?rest_route=\/wp\/v2\/types\/page"}],"author":[{"embeddable":true,"href":"https:\/\/julieantoine-makeupandnails.fr\/index.php?rest_route=\/wp\/v2\/users\/1"}],"replies":[{"embeddable":true,"href":"https:\/\/julieantoine-makeupandnails.fr\/index.php?rest_route=%2Fwp%2Fv2%2Fcomments&post=56"}],"version-history":[{"count":2,"href":"https:\/\/julieantoine-makeupandnails.fr\/index.php?rest_route=\/wp\/v2\/pages\/56\/revisions"}],"predecessor-version":[{"id":77,"href":"https:\/\/julieantoine-makeupandnails.fr\/index.php?rest_route=\/wp\/v2\/pages\/56\/revisions\/77"}],"wp:attachment":[{"href":"https:\/\/julieantoine-makeupandnails.fr\/index.php?rest_route=%2Fwp%2Fv2%2Fmedia&parent=56"}],"curies":[{"name":"wp","href":"https:\/\/api.w.org\/{rel}","templated":true}]}}