{"id":83,"date":"2025-03-31T14:21:23","date_gmt":"2025-03-31T12:21:23","guid":{"rendered":"https:\/\/julieantoine-makeupandnails.fr\/?page_id=83"},"modified":"2025-08-12T10:44:07","modified_gmt":"2025-08-12T08:44:07","slug":"prestations-maquillage","status":"publish","type":"page","link":"https:\/\/julieantoine-makeupandnails.fr\/?page_id=83","title":{"rendered":"Prestations maquillage"},"content":{"rendered":"\n<p class=\"has-text-align-left\">Que ce soit pour un <strong>mariage<\/strong>, une <strong>soir\u00e9e<\/strong>, un <strong>\u00e9v\u00e9nement sp\u00e9cial<\/strong> ou tout simplement pour <strong>sublimer votre beaut\u00e9 naturelle au quotidien<\/strong>, je mets mon expertise de <strong>maquilleuse professionnelle \u00e0 Reims<\/strong> \u00e0 votre service. Form\u00e9e aux <strong>techniques les plus r\u00e9centes<\/strong> du maquillage, je vous propose des <strong>prestations sur mesure<\/strong>, parfaitement adapt\u00e9es \u00e0 votre <strong>style<\/strong>, votre <strong>personnalit\u00e9<\/strong> et \u00e0 la <strong>morphologie de votre visage<\/strong>.<\/p>\n\n\n\n<p>Passionn\u00e9e par l\u2019art du maquillage, je travaille uniquement avec des <strong>produits de qualit\u00e9 professionnelle<\/strong>, pour garantir un <strong>r\u00e9sultat impeccable<\/strong>, <strong>harmonieux<\/strong> et <strong>longue tenue<\/strong>. Du <strong>maquillage naturel<\/strong> au <strong>look glamour<\/strong>, chaque prestation est pens\u00e9e pour r\u00e9v\u00e9ler votre \u00e9clat en toutes circonstances.<\/p>\n\n\n\n<p>\ud83d\udccd <strong>Bas\u00e9e \u00e0 Reims<\/strong>, je me d\u00e9place dans toute la r\u00e9gion <strong>Grand Est<\/strong> ainsi qu\u2019en <strong>\u00cele-de-France<\/strong>, notamment \u00e0 <strong>Paris<\/strong>, pour r\u00e9pondre aux besoins des particuliers comme des professionnels.<\/p>\n\n\n<h3 class=\"wp-block-heading\" id=\"prestations-pour-les-professionnels\">Prestations pour les professionnels<\/h3>\n\n\n\n<p>En parall\u00e8le des prestations beaut\u00e9 pour les particuliers, je collabore \u00e9galement avec les <strong>professionnels de la mode, du cin\u00e9ma, de la t\u00e9l\u00e9vision et de l\u2019\u00e9v\u00e9nementiel<\/strong>. Je propose des <strong>maquillages artistiques<\/strong>, des <strong>maquillages pour shooting photo<\/strong>, des <strong>tournages<\/strong>, des <strong>clips<\/strong>, et bien plus encore.<\/p>\n\n\n\n<p class=\"has-text-align-center\">\ud83c\udfaf Vous \u00eates photographe, styliste, r\u00e9alisateur ou agence de production ? Faites appel \u00e0 une <strong>maquilleuse exp\u00e9riment\u00e9e<\/strong> pour garantir un rendu visuel \u00e0 la hauteur de vos attentes.<\/p>\n\n\n\n<div style=\"height:23px\" aria-hidden=\"true\" class=\"wp-block-spacer\"><\/div>\n\n\n\n<div class=\"wp-block-buttons is-content-justification-center is-layout-flex wp-container-core-buttons-is-layout-a89b3969 wp-block-buttons-is-layout-flex\">\n<div class=\"wp-block-button\"><a class=\"wp-block-button__link wp-element-button\">CONTACTEZ-MOI POUR UN DEVIS !<\/a><\/div>\n<\/div>\n\n\n\n<div style=\"height:44px\" aria-hidden=\"true\" class=\"wp-block-spacer\"><\/div>\n\n\n<h4 class=\"wp-block-heading has-text-align-center\" id=\"decouvrez-ici-mes-differentes-realisations\">D&eacute;couvrez ici mes diff&eacute;rentes r&eacute;alisations<\/h4>\n\n\n\n<div style=\"height:31px\" aria-hidden=\"true\" class=\"wp-block-spacer\"><\/div>\n\n\n\n<div class=\"wp-block-columns alignwide are-vertically-aligned-center is-layout-flex wp-container-core-columns-is-layout-28f84493 wp-block-columns-is-layout-flex\">\n<div class=\"wp-block-column is-vertically-aligned-center is-layout-flow wp-block-column-is-layout-flow\">\n<div class=\"wp-block-buttons is-content-justification-center is-layout-flex wp-container-core-buttons-is-layout-a89b3969 wp-block-buttons-is-layout-flex\">\n<div class=\"wp-block-button\"><a class=\"wp-block-button__link wp-element-button\" href=\"https:\/\/julieantoine-makeupandnails.fr\/?page_id=203\">SHOOTING MODE<\/a><\/div>\n<\/div>\n<\/div>\n\n\n\n<div class=\"wp-block-column is-vertically-aligned-center is-layout-flow wp-block-column-is-layout-flow\">\n<div class=\"wp-block-buttons is-content-justification-center is-layout-flex wp-container-core-buttons-is-layout-a89b3969 wp-block-buttons-is-layout-flex\">\n<div class=\"wp-block-button\"><a class=\"wp-block-button__link wp-element-button\" href=\"https:\/\/julieantoine-makeupandnails.fr\/?page_id=215\">ARTISTIQUE<\/a><\/div>\n<\/div>\n<\/div>\n\n\n\n<div class=\"wp-block-column is-vertically-aligned-center is-layout-flow wp-block-column-is-layout-flow\">\n<div class=\"wp-block-buttons is-content-justification-center is-layout-flex wp-container-core-buttons-is-layout-a89b3969 wp-block-buttons-is-layout-flex\">\n<div class=\"wp-block-button\"><a class=\"wp-block-button__link wp-element-button\" href=\"https:\/\/julieantoine-makeupandnails.fr\/?page_id=231\">CIMEMA<\/a><\/div>\n<\/div>\n<\/div>\n\n\n\n<div class=\"wp-block-column is-vertically-aligned-center is-layout-flow wp-block-column-is-layout-flow\">\n<div class=\"wp-block-buttons is-content-justification-center is-layout-flex wp-container-core-buttons-is-layout-a89b3969 wp-block-buttons-is-layout-flex\">\n<div class=\"wp-block-button\"><a class=\"wp-block-button__link wp-element-button\" href=\"https:\/\/julieantoine-makeupandnails.fr\/?page_id=236\">D\u00c9FIL\u00c9<\/a><\/div>\n<\/div>\n<\/div>\n<\/div>\n\n\n\n<div style=\"height:24px\" aria-hidden=\"true\" class=\"wp-block-spacer\"><\/div>\n\n\n\n<hr class=\"wp-block-separator has-alpha-channel-opacity is-style-wide\"\/>\n\n\n\n<div style=\"height:20px\" aria-hidden=\"true\" class=\"wp-block-spacer\"><\/div>\n\n\n<h4 class=\"wp-block-heading has-text-align-center\" id=\"autres-prestations\">Autres prestations<\/h4>\n\n\n\n<hr class=\"wp-block-separator has-alpha-channel-opacity\"\/>\n\n\n\n<div class=\"wp-block-columns is-layout-flex wp-container-core-columns-is-layout-28f84493 wp-block-columns-is-layout-flex\">\n<div class=\"wp-block-column is-layout-flow wp-block-column-is-layout-flow\">\n<figure class=\"wp-block-image aligncenter size-large is-resized\"><img loading=\"lazy\" decoding=\"async\" width=\"1022\" height=\"1024\" src=\"http:\/\/julieantoine-makeupandnails.fr\/wp-content\/uploads\/2025\/03\/ongles-1022x1024.jpg\" alt=\"prestations ongles \u00e0 reims et alentours\" class=\"wp-image-15\" style=\"aspect-ratio:1;object-fit:cover;width:215px;height:auto\" srcset=\"https:\/\/julieantoine-makeupandnails.fr\/wp-content\/uploads\/2025\/03\/ongles-1022x1024.jpg 1022w, https:\/\/julieantoine-makeupandnails.fr\/wp-content\/uploads\/2025\/03\/ongles-300x300.jpg 300w, https:\/\/julieantoine-makeupandnails.fr\/wp-content\/uploads\/2025\/03\/ongles-150x150.jpg 150w, https:\/\/julieantoine-makeupandnails.fr\/wp-content\/uploads\/2025\/03\/ongles-768x769.jpg 768w, https:\/\/julieantoine-makeupandnails.fr\/wp-content\/uploads\/2025\/03\/ongles.jpg 1045w\" sizes=\"auto, (max-width: 1022px) 100vw, 1022px\" \/><\/figure>\n\n\n\n<div class=\"wp-block-buttons is-content-justification-center is-layout-flex wp-container-core-buttons-is-layout-a89b3969 wp-block-buttons-is-layout-flex\">\n<div class=\"wp-block-button\"><a class=\"wp-block-button__link wp-element-button\" href=\"https:\/\/julieantoine-makeupandnails.fr\/?page_id=129\">ONGLES<\/a><\/div>\n<\/div>\n<\/div>\n\n\n\n<div class=\"wp-block-column is-layout-flow wp-block-column-is-layout-flow\">\n<figure class=\"wp-block-image aligncenter size-large is-resized\"><img loading=\"lazy\" decoding=\"async\" width=\"1024\" height=\"1020\" src=\"http:\/\/julieantoine-makeupandnails.fr\/wp-content\/uploads\/2025\/03\/mariage-1024x1020.jpg\" alt=\"package mariage avec coiffure, maquillage et ongle dans la marne \u00e0 reims\" class=\"wp-image-13\" style=\"aspect-ratio:1.003966822935449;object-fit:cover;width:215px\" srcset=\"https:\/\/julieantoine-makeupandnails.fr\/wp-content\/uploads\/2025\/03\/mariage-1024x1020.jpg 1024w, https:\/\/julieantoine-makeupandnails.fr\/wp-content\/uploads\/2025\/03\/mariage-300x300.jpg 300w, https:\/\/julieantoine-makeupandnails.fr\/wp-content\/uploads\/2025\/03\/mariage-150x150.jpg 150w, https:\/\/julieantoine-makeupandnails.fr\/wp-content\/uploads\/2025\/03\/mariage-768x765.jpg 768w, https:\/\/julieantoine-makeupandnails.fr\/wp-content\/uploads\/2025\/03\/mariage-1536x1529.jpg 1536w, https:\/\/julieantoine-makeupandnails.fr\/wp-content\/uploads\/2025\/03\/mariage-2048x2039.jpg 2048w\" sizes=\"auto, (max-width: 1024px) 100vw, 1024px\" \/><\/figure>\n\n\n\n<div class=\"wp-block-buttons is-content-justification-center is-layout-flex wp-container-core-buttons-is-layout-a89b3969 wp-block-buttons-is-layout-flex\">\n<div class=\"wp-block-button\"><a class=\"wp-block-button__link wp-element-button\" href=\"https:\/\/julieantoine-makeupandnails.fr\/?page_id=87\">PACKAGE MARIAGE<\/a><\/div>\n<\/div>\n<\/div>\n<\/div>\n","protected":false},"excerpt":{"rendered":"<p>Que ce soit pour un mariage, une soir\u00e9e, un \u00e9v\u00e9nement sp\u00e9cial ou tout simplement pour sublimer votre beaut\u00e9 naturelle au quotidien, je mets mon expertise de maquilleuse professionnelle \u00e0 Reims \u00e0 votre service. Form\u00e9e aux techniques les plus r\u00e9centes du maquillage, je vous propose des prestations sur mesure, parfaitement adapt\u00e9es \u00e0 votre style, votre personnalit\u00e9 [&hellip;]<\/p>\n","protected":false},"author":1,"featured_media":0,"parent":0,"menu_order":0,"comment_status":"closed","ping_status":"closed","template":"","meta":{"footnotes":""},"class_list":["post-83","page","type-page","status-publish","hentry"],"yoast_head":"<!-- This site is optimized with the Yoast SEO plugin v25.6 - https:\/\/yoast.com\/wordpress\/plugins\/seo\/ -->\n<title>Prestations maquillage - JULIE ANTOINE \/ Makeup and Nails<\/title>\n<meta name=\"description\" content=\"Retrouvez ici toutes mes prestations maquillage que ce soit pour une soir\u00e9e, un mariage, un shooting, le cinema...) \u00e0 Reims et alentours\" \/>\n<meta name=\"robots\" content=\"index, follow, max-snippet:-1, max-image-preview:large, max-video-preview:-1\" \/>\n<link rel=\"canonical\" href=\"https:\/\/julieantoine-makeupandnails.fr\/?page_id=83\" \/>\n<meta property=\"og:locale\" content=\"fr_FR\" \/>\n<meta property=\"og:type\" content=\"article\" \/>\n<meta property=\"og:title\" content=\"Prestations maquillage - JULIE ANTOINE \/ Makeup and Nails\" \/>\n<meta property=\"og:description\" content=\"Retrouvez ici toutes mes prestations maquillage que ce soit pour une soir\u00e9e, un mariage, un shooting, le cinema...) \u00e0 Reims et alentours\" \/>\n<meta property=\"og:url\" content=\"https:\/\/julieantoine-makeupandnails.fr\/?page_id=83\" \/>\n<meta property=\"og:site_name\" content=\"JULIE ANTOINE \/ Makeup and Nails\" \/>\n<meta property=\"article:modified_time\" content=\"2025-08-12T08:44:07+00:00\" \/>\n<meta property=\"og:image\" content=\"https:\/\/julieantoine-makeupandnails.fr\/wp-content\/uploads\/2025\/03\/ongles.jpg\" \/>\n\t<meta property=\"og:image:width\" content=\"1045\" \/>\n\t<meta property=\"og:image:height\" content=\"1047\" \/>\n\t<meta property=\"og:image:type\" content=\"image\/jpeg\" \/>\n<meta name=\"twitter:card\" content=\"summary_large_image\" \/>\n<meta name=\"twitter:label1\" content=\"Dur\u00e9e de lecture estim\u00e9e\" \/>\n\t<meta name=\"twitter:data1\" content=\"2 minutes\" \/>\n<script type=\"application\/ld+json\" class=\"yoast-schema-graph\">{\"@context\":\"https:\/\/schema.org\",\"@graph\":[{\"@type\":\"Article\",\"@id\":\"https:\/\/julieantoine-makeupandnails.fr\/?page_id=83#article\",\"isPartOf\":{\"@id\":\"https:\/\/julieantoine-makeupandnails.fr\/?page_id=83\"},\"author\":{\"name\":\"admin5789\",\"@id\":\"https:\/\/julieantoine-makeupandnails.fr\/#\/schema\/person\/1146d676accde7fac92c48e549e9d762\"},\"headline\":\"Prestations maquillage\",\"datePublished\":\"2025-03-31T12:21:23+00:00\",\"dateModified\":\"2025-08-12T08:44:07+00:00\",\"mainEntityOfPage\":{\"@id\":\"https:\/\/julieantoine-makeupandnails.fr\/?page_id=83\"},\"wordCount\":245,\"publisher\":{\"@id\":\"https:\/\/julieantoine-makeupandnails.fr\/#organization\"},\"image\":{\"@id\":\"https:\/\/julieantoine-makeupandnails.fr\/?page_id=83#primaryimage\"},\"thumbnailUrl\":\"http:\/\/julieantoine-makeupandnails.fr\/wp-content\/uploads\/2025\/03\/ongles-1022x1024.jpg\",\"inLanguage\":\"fr-FR\"},{\"@type\":\"WebPage\",\"@id\":\"https:\/\/julieantoine-makeupandnails.fr\/?page_id=83\",\"url\":\"https:\/\/julieantoine-makeupandnails.fr\/?page_id=83\",\"name\":\"Prestations maquillage - JULIE ANTOINE \/ Makeup and Nails\",\"isPartOf\":{\"@id\":\"https:\/\/julieantoine-makeupandnails.fr\/#website\"},\"primaryImageOfPage\":{\"@id\":\"https:\/\/julieantoine-makeupandnails.fr\/?page_id=83#primaryimage\"},\"image\":{\"@id\":\"https:\/\/julieantoine-makeupandnails.fr\/?page_id=83#primaryimage\"},\"thumbnailUrl\":\"http:\/\/julieantoine-makeupandnails.fr\/wp-content\/uploads\/2025\/03\/ongles-1022x1024.jpg\",\"datePublished\":\"2025-03-31T12:21:23+00:00\",\"dateModified\":\"2025-08-12T08:44:07+00:00\",\"description\":\"Retrouvez ici toutes mes prestations maquillage que ce soit pour une soir\u00e9e, un mariage, un shooting, le cinema...) \u00e0 Reims et alentours\",\"breadcrumb\":{\"@id\":\"https:\/\/julieantoine-makeupandnails.fr\/?page_id=83#breadcrumb\"},\"inLanguage\":\"fr-FR\",\"potentialAction\":[{\"@type\":\"ReadAction\",\"target\":[\"https:\/\/julieantoine-makeupandnails.fr\/?page_id=83\"]}]},{\"@type\":\"ImageObject\",\"inLanguage\":\"fr-FR\",\"@id\":\"https:\/\/julieantoine-makeupandnails.fr\/?page_id=83#primaryimage\",\"url\":\"https:\/\/julieantoine-makeupandnails.fr\/wp-content\/uploads\/2025\/03\/ongles.jpg\",\"contentUrl\":\"https:\/\/julieantoine-makeupandnails.fr\/wp-content\/uploads\/2025\/03\/ongles.jpg\",\"width\":1045,\"height\":1047,\"caption\":\"prestations ongles \u00e0 reims et alentours\"},{\"@type\":\"BreadcrumbList\",\"@id\":\"https:\/\/julieantoine-makeupandnails.fr\/?page_id=83#breadcrumb\",\"itemListElement\":[{\"@type\":\"ListItem\",\"position\":1,\"name\":\"Accueil\",\"item\":\"https:\/\/julieantoine-makeupandnails.fr\/\"},{\"@type\":\"ListItem\",\"position\":2,\"name\":\"Prestations maquillage\"}]},{\"@type\":\"WebSite\",\"@id\":\"https:\/\/julieantoine-makeupandnails.fr\/#website\",\"url\":\"https:\/\/julieantoine-makeupandnails.fr\/\",\"name\":\"JULIE ANTOINE \/ Makeup and Nails \u00e0 Reims\",\"description\":\"Maquillage et ongles \u00e0 Reims et alentours\",\"publisher\":{\"@id\":\"https:\/\/julieantoine-makeupandnails.fr\/#organization\"},\"potentialAction\":[{\"@type\":\"SearchAction\",\"target\":{\"@type\":\"EntryPoint\",\"urlTemplate\":\"https:\/\/julieantoine-makeupandnails.fr\/?s={search_term_string}\"},\"query-input\":{\"@type\":\"PropertyValueSpecification\",\"valueRequired\":true,\"valueName\":\"search_term_string\"}}],\"inLanguage\":\"fr-FR\"},{\"@type\":\"Organization\",\"@id\":\"https:\/\/julieantoine-makeupandnails.fr\/#organization\",\"name\":\"JULIE ANTOINE \/ Makeup and Nails\",\"url\":\"https:\/\/julieantoine-makeupandnails.fr\/\",\"logo\":{\"@type\":\"ImageObject\",\"inLanguage\":\"fr-FR\",\"@id\":\"https:\/\/julieantoine-makeupandnails.fr\/#\/schema\/logo\/image\/\",\"url\":\"https:\/\/julieantoine-makeupandnails.fr\/wp-content\/uploads\/2025\/03\/julie-antoine-logo.png\",\"contentUrl\":\"https:\/\/julieantoine-makeupandnails.fr\/wp-content\/uploads\/2025\/03\/julie-antoine-logo.png\",\"width\":591,\"height\":157,\"caption\":\"JULIE ANTOINE \/ Makeup and Nails\"},\"image\":{\"@id\":\"https:\/\/julieantoine-makeupandnails.fr\/#\/schema\/logo\/image\/\"}},{\"@type\":\"Person\",\"@id\":\"https:\/\/julieantoine-makeupandnails.fr\/#\/schema\/person\/1146d676accde7fac92c48e549e9d762\",\"name\":\"admin5789\",\"image\":{\"@type\":\"ImageObject\",\"inLanguage\":\"fr-FR\",\"@id\":\"https:\/\/julieantoine-makeupandnails.fr\/#\/schema\/person\/image\/\",\"url\":\"https:\/\/secure.gravatar.com\/avatar\/ac883034ccd98bbf46243a80a17332ffbcdf756a4f01cfde901f577890c2111d?s=96&d=mm&r=g\",\"contentUrl\":\"https:\/\/secure.gravatar.com\/avatar\/ac883034ccd98bbf46243a80a17332ffbcdf756a4f01cfde901f577890c2111d?s=96&d=mm&r=g\",\"caption\":\"admin5789\"},\"sameAs\":[\"http:\/\/julieantoine-makeupandnails.fr\"],\"url\":\"https:\/\/julieantoine-makeupandnails.fr\/?author=1\"}]}<\/script>\n<!-- \/ Yoast SEO plugin. -->","yoast_head_json":{"title":"Prestations maquillage - JULIE ANTOINE \/ Makeup and Nails","description":"Retrouvez ici toutes mes prestations maquillage que ce soit pour une soir\u00e9e, un mariage, un shooting, le cinema...) \u00e0 Reims et alentours","robots":{"index":"index","follow":"follow","max-snippet":"max-snippet:-1","max-image-preview":"max-image-preview:large","max-video-preview":"max-video-preview:-1"},"canonical":"https:\/\/julieantoine-makeupandnails.fr\/?page_id=83","og_locale":"fr_FR","og_type":"article","og_title":"Prestations maquillage - JULIE ANTOINE \/ Makeup and Nails","og_description":"Retrouvez ici toutes mes prestations maquillage que ce soit pour une soir\u00e9e, un mariage, un shooting, le cinema...) \u00e0 Reims et alentours","og_url":"https:\/\/julieantoine-makeupandnails.fr\/?page_id=83","og_site_name":"JULIE ANTOINE \/ Makeup and Nails","article_modified_time":"2025-08-12T08:44:07+00:00","og_image":[{"width":1045,"height":1047,"url":"https:\/\/julieantoine-makeupandnails.fr\/wp-content\/uploads\/2025\/03\/ongles.jpg","type":"image\/jpeg"}],"twitter_card":"summary_large_image","twitter_misc":{"Dur\u00e9e de lecture estim\u00e9e":"2 minutes"},"schema":{"@context":"https:\/\/schema.org","@graph":[{"@type":"Article","@id":"https:\/\/julieantoine-makeupandnails.fr\/?page_id=83#article","isPartOf":{"@id":"https:\/\/julieantoine-makeupandnails.fr\/?page_id=83"},"author":{"name":"admin5789","@id":"https:\/\/julieantoine-makeupandnails.fr\/#\/schema\/person\/1146d676accde7fac92c48e549e9d762"},"headline":"Prestations maquillage","datePublished":"2025-03-31T12:21:23+00:00","dateModified":"2025-08-12T08:44:07+00:00","mainEntityOfPage":{"@id":"https:\/\/julieantoine-makeupandnails.fr\/?page_id=83"},"wordCount":245,"publisher":{"@id":"https:\/\/julieantoine-makeupandnails.fr\/#organization"},"image":{"@id":"https:\/\/julieantoine-makeupandnails.fr\/?page_id=83#primaryimage"},"thumbnailUrl":"http:\/\/julieantoine-makeupandnails.fr\/wp-content\/uploads\/2025\/03\/ongles-1022x1024.jpg","inLanguage":"fr-FR"},{"@type":"WebPage","@id":"https:\/\/julieantoine-makeupandnails.fr\/?page_id=83","url":"https:\/\/julieantoine-makeupandnails.fr\/?page_id=83","name":"Prestations maquillage - JULIE ANTOINE \/ Makeup and Nails","isPartOf":{"@id":"https:\/\/julieantoine-makeupandnails.fr\/#website"},"primaryImageOfPage":{"@id":"https:\/\/julieantoine-makeupandnails.fr\/?page_id=83#primaryimage"},"image":{"@id":"https:\/\/julieantoine-makeupandnails.fr\/?page_id=83#primaryimage"},"thumbnailUrl":"http:\/\/julieantoine-makeupandnails.fr\/wp-content\/uploads\/2025\/03\/ongles-1022x1024.jpg","datePublished":"2025-03-31T12:21:23+00:00","dateModified":"2025-08-12T08:44:07+00:00","description":"Retrouvez ici toutes mes prestations maquillage que ce soit pour une soir\u00e9e, un mariage, un shooting, le cinema...) \u00e0 Reims et alentours","breadcrumb":{"@id":"https:\/\/julieantoine-makeupandnails.fr\/?page_id=83#breadcrumb"},"inLanguage":"fr-FR","potentialAction":[{"@type":"ReadAction","target":["https:\/\/julieantoine-makeupandnails.fr\/?page_id=83"]}]},{"@type":"ImageObject","inLanguage":"fr-FR","@id":"https:\/\/julieantoine-makeupandnails.fr\/?page_id=83#primaryimage","url":"https:\/\/julieantoine-makeupandnails.fr\/wp-content\/uploads\/2025\/03\/ongles.jpg","contentUrl":"https:\/\/julieantoine-makeupandnails.fr\/wp-content\/uploads\/2025\/03\/ongles.jpg","width":1045,"height":1047,"caption":"prestations ongles \u00e0 reims et alentours"},{"@type":"BreadcrumbList","@id":"https:\/\/julieantoine-makeupandnails.fr\/?page_id=83#breadcrumb","itemListElement":[{"@type":"ListItem","position":1,"name":"Accueil","item":"https:\/\/julieantoine-makeupandnails.fr\/"},{"@type":"ListItem","position":2,"name":"Prestations maquillage"}]},{"@type":"WebSite","@id":"https:\/\/julieantoine-makeupandnails.fr\/#website","url":"https:\/\/julieantoine-makeupandnails.fr\/","name":"JULIE ANTOINE \/ Makeup and Nails \u00e0 Reims","description":"Maquillage et ongles \u00e0 Reims et alentours","publisher":{"@id":"https:\/\/julieantoine-makeupandnails.fr\/#organization"},"potentialAction":[{"@type":"SearchAction","target":{"@type":"EntryPoint","urlTemplate":"https:\/\/julieantoine-makeupandnails.fr\/?s={search_term_string}"},"query-input":{"@type":"PropertyValueSpecification","valueRequired":true,"valueName":"search_term_string"}}],"inLanguage":"fr-FR"},{"@type":"Organization","@id":"https:\/\/julieantoine-makeupandnails.fr\/#organization","name":"JULIE ANTOINE \/ Makeup and Nails","url":"https:\/\/julieantoine-makeupandnails.fr\/","logo":{"@type":"ImageObject","inLanguage":"fr-FR","@id":"https:\/\/julieantoine-makeupandnails.fr\/#\/schema\/logo\/image\/","url":"https:\/\/julieantoine-makeupandnails.fr\/wp-content\/uploads\/2025\/03\/julie-antoine-logo.png","contentUrl":"https:\/\/julieantoine-makeupandnails.fr\/wp-content\/uploads\/2025\/03\/julie-antoine-logo.png","width":591,"height":157,"caption":"JULIE ANTOINE \/ Makeup and Nails"},"image":{"@id":"https:\/\/julieantoine-makeupandnails.fr\/#\/schema\/logo\/image\/"}},{"@type":"Person","@id":"https:\/\/julieantoine-makeupandnails.fr\/#\/schema\/person\/1146d676accde7fac92c48e549e9d762","name":"admin5789","image":{"@type":"ImageObject","inLanguage":"fr-FR","@id":"https:\/\/julieantoine-makeupandnails.fr\/#\/schema\/person\/image\/","url":"https:\/\/secure.gravatar.com\/avatar\/ac883034ccd98bbf46243a80a17332ffbcdf756a4f01cfde901f577890c2111d?s=96&d=mm&r=g","contentUrl":"https:\/\/secure.gravatar.com\/avatar\/ac883034ccd98bbf46243a80a17332ffbcdf756a4f01cfde901f577890c2111d?s=96&d=mm&r=g","caption":"admin5789"},"sameAs":["http:\/\/julieantoine-makeupandnails.fr"],"url":"https:\/\/julieantoine-makeupandnails.fr\/?author=1"}]}},"_links":{"self":[{"href":"https:\/\/julieantoine-makeupandnails.fr\/index.php?rest_route=\/wp\/v2\/pages\/83","targetHints":{"allow":["GET"]}}],"collection":[{"href":"https:\/\/julieantoine-makeupandnails.fr\/index.php?rest_route=\/wp\/v2\/pages"}],"about":[{"href":"https:\/\/julieantoine-makeupandnails.fr\/index.php?rest_route=\/wp\/v2\/types\/page"}],"author":[{"embeddable":true,"href":"https:\/\/julieantoine-makeupandnails.fr\/index.php?rest_route=\/wp\/v2\/users\/1"}],"replies":[{"embeddable":true,"href":"https:\/\/julieantoine-makeupandnails.fr\/index.php?rest_route=%2Fwp%2Fv2%2Fcomments&post=83"}],"version-history":[{"count":20,"href":"https:\/\/julieantoine-makeupandnails.fr\/index.php?rest_route=\/wp\/v2\/pages\/83\/revisions"}],"predecessor-version":[{"id":254,"href":"https:\/\/julieantoine-makeupandnails.fr\/index.php?rest_route=\/wp\/v2\/pages\/83\/revisions\/254"}],"wp:attachment":[{"href":"https:\/\/julieantoine-makeupandnails.fr\/index.php?rest_route=%2Fwp%2Fv2%2Fmedia&parent=83"}],"curies":[{"name":"wp","href":"https:\/\/api.w.org\/{rel}","templated":true}]}}